{"id":88,"date":"2025-11-25T08:34:38","date_gmt":"2025-11-25T07:34:38","guid":{"rendered":"https:\/\/garu.eus\/politica-de-cookies\/"},"modified":"2025-11-25T08:34:38","modified_gmt":"2025-11-25T07:34:38","slug":"politica-de-cookies","status":"publish","type":"page","link":"https:\/\/garu.eus\/es\/politica-de-cookies\/","title":{"rendered":"Pol\u00edtica de cookies"},"content":{"rendered":"<p>Este sitio web utiliza cookies para medir y analizar la navegaci\u00f3n de las personas usuarias.<\/p>\n<p>Las cookies son peque\u00f1os ficheros de informaci\u00f3n que permiten comparar y entender c\u00f3mo navegas a trav\u00e9s de este sitio web. Gracias a ellas, se recuerdan tus preferencias para que cuando visites este sitio web de nuevo, obtengas una mejor experiencia online. En ning\u00fan caso las cookies almacenan dato personal alguno, ni ning\u00fan tipo de informaci\u00f3n que pueda identificarte.<\/p>\n<p>Si aceptas expresamente nuestra pol\u00edtica de cookies en la fase de registro y\/o contin\u00faas en la navegando por distintas p\u00e1ginas del sitio web, utilizando la barra de desplazamiento, o accediendo a diferentes \u00e1reas y men\u00fas, de esa acci\u00f3n se inferir\u00e1 que aceptas la instalaci\u00f3n y uso de las cookies.<\/p>\n<p><b>Este sitio web utiliza los siguientes tipos de cookies:<\/b><\/p>\n<ul>\n<li><b>Cookies propias<\/b>\n<ol>\n<li>\n\t\t\t\t<b>Sesi\u00f3n<\/b><\/p>\n<p>Son necesarias para el correcto uso del sitio web, como para la sesi\u00f3n de las personas usuarias, o para navegar de forma ininterrumpida recordando opciones de idioma o pa\u00eds. Se utilizan para identificar a la persona usuaria, si fuese necesario acceder a un \u00e1rea de registro. Sin estas cookies, muchos de los servicios disponibles no estar\u00edan operativos. Dichas cookies caducan cuando se cierra el navegador o pasado un mes.<\/p>\n<\/li>\n<li>\n\t\t\t\t<b>T\u00e9cnicas<\/b><\/p>\n<p>Estas tratan informaci\u00f3n gen\u00e9rica y an\u00f3nima, donde no se incluyen datos personales, s\u00f3lo recuerdan la p\u00e1gina de la que proviene la persona usuaria. Su objetivo principal es la mejora del funcionamiento del sitio web.<\/p>\n<\/li>\n<\/ol>\n<\/li>\n<li><b>Cookies de terceros<\/b>\n<ol>\n<li>\n\t\t\t\t<b>Publicitarias<\/b><\/p>\n<p>Permiten recordar las elecciones que realizas, los t\u00e9rminos y condiciones que has aceptado, y adem\u00e1s utilizamos cookies para hacer que la publicidad sea m\u00e1s atractiva para las personas usuarias, seleccionar anuncios basados en contenido relevante, y evitar mostrar anuncios que la persona usuaria ya haya visto.<\/p>\n<p>M\u00e1s informaci\u00f3n:<\/p>\n<ul>\n<li><a href=\"http:\/\/adwords.google.com\/\" target=\"_blank\">Google AdWords<\/a><\/li>\n<li><a href=\"http:\/\/www.google.com\/intl\/es\/policies\/privacy\/\" target=\"_blank\">DoubleClick<\/a><\/li>\n<li><a href=\"http:\/\/www.google.com\/ads\/\" target=\"_blank\">Google Ads<\/a><\/li>\n<\/ul>\n<\/li>\n<li>\n\t\t\t\t<b>Sociales<\/b><\/p>\n<p>Algunos servicios pueden utilizar conectores con diversas redes sociales. Al utilizar el registro social, autorizas a la red social a colocar cookies. Estas cookies a\u00f1aden la componente social a tu navegaci\u00f3n.<\/p>\n<p>M\u00e1s informaci\u00f3n:<\/p>\n<ul>\n<li><a href=\"https:\/\/www.facebook.com\/policies\/cookies\/\" target=\"_blank\">Facebook<\/a><\/li>\n<li><a href=\"https:\/\/help.twitter.com\/es\/rules-and-policies\/twitter-cookies\" target=\"_blank\">Twitter<\/a><\/li>\n<li><a href=\"https:\/\/help.instagram.com\/1896641480634370?ref=ig\" target=\"_blank\">Instagram<\/a><\/li>\n<li><a href=\"https:\/\/www.linkedin.com\/legal\/cookie-policy?_l=es_ES\" target=\"_blank\">Linkedin<\/a><\/li>\n<li><a href=\"https:\/\/www.whatsapp.com\/legal\/?lang=es\" target=\"_blank\">Whatsapp<\/a><\/li>\n<\/ul>\n<\/li>\n<li>\n\t\t\t\t<b>Anal\u00edticas<\/b><\/p>\n<p>Estas cookies permiten analizar y medir las propiedades y funcionalidades de este sitio web y proceder a su medici\u00f3n con finalidades de mejora.<\/p>\n<p>M\u00e1s informaci\u00f3n:<\/p>\n<ul>\n<li><a href=\"https:\/\/developers.google.com\/analytics\/devguides\/collection\/analyticsjs\/cookie-usage\" target=\"_blank\">Google Analytics<\/a><\/li>\n<li><a href=\"https:\/\/support.google.com\/adsense\/answer\/2839090?hl=es\" target=\"_blank\">Google AdSense<\/a><\/li>\n<\/ul>\n<\/li>\n<\/ol>\n<\/li>\n<\/ul>\n<p><b>Gesti\u00f3n de las cookies:<\/b><\/p>\n<p>Para permitir, conocer, bloquear o eliminar las cookies instaladas en tu equipo puedes hacerlo mediante la configuraci\u00f3n de las opciones del navegador instalado en tu ordenador.<\/p>\n<p>Puedes encontrar la informaci\u00f3n sobre c\u00f3mo hacerlo en los siguientes enlaces:<\/p>\n<ul>\n<li><a href=\"http:\/\/support.mozilla.org\/es\/products\/firefox\/cookies\" target=\"_blank\">Si navegas utilizando Firefox<\/a><\/li>\n<li><a href=\"http:\/\/support.google.com\/chrome\/bin\/answer.py?hl=es&#038;answer=95647\" target=\"_blank\">Chrome erabiliz nabigatzen baduzu<\/a><\/li>\n<li><a href=\"http:\/\/windows.microsoft.com\/es-es\/windows7\/how-to-manage-cookies-in-internet-explorer-9\" target=\"_blank\">Si navegas utilizando Exporer<\/a><\/li>\n<li><a href=\"http:\/\/support.apple.com\/kb\/ph5042\" target=\"_blank\">Si navegas utilizando Safari<\/a><\/li>\n<li><a href=\"http:\/\/help.opera.com\/Windows\/11.50\/es-ES\/cookies.html\" target=\"_blank\">Si navegas utilizando Opera<\/a><\/li>\n<\/ul>\n<p>Te recordamos que el rechazo de la instalaci\u00f3n de las cookies puede afectar al servicio e impedir la correcta utilizaci\u00f3n parcial o total del mismo.<\/p>\n","protected":false},"excerpt":{"rendered":"<p>Este sitio web utiliza cookies para medir y analizar la navegaci\u00f3n de las personas usuarias. Las cookies son peque\u00f1os ficheros [&hellip;]<\/p>\n","protected":false},"author":1,"featured_media":0,"parent":0,"menu_order":0,"comment_status":"closed","ping_status":"closed","template":"","meta":{"site-sidebar-layout":"default","site-content-layout":"","ast-site-content-layout":"default","site-content-style":"default","site-sidebar-style":"default","ast-global-header-display":"","ast-banner-title-visibility":"","ast-main-header-display":"","ast-hfb-above-header-display":"","ast-hfb-below-header-display":"","ast-hfb-mobile-header-display":"","site-post-title":"","ast-breadcrumbs-content":"","ast-featured-img":"","footer-sml-layout":"","theme-transparent-header-meta":"","adv-header-id-meta":"","stick-header-meta":"","header-above-stick-meta":"","header-main-stick-meta":"","header-below-stick-meta":"","astra-migrate-meta-layouts":"default","ast-page-background-enabled":"default","ast-page-background-meta":{"desktop":{"background-color":"var(--ast-global-color-5)","background-image":"","background-repeat":"repeat","background-position":"center center","background-size":"auto","background-attachment":"scroll","background-type":"","background-media":"","overlay-type":"","overlay-color":"","overlay-opacity":"","overlay-gradient":""},"tablet":{"background-color":"","background-image":"","background-repeat":"repeat","background-position":"center center","background-size":"auto","background-attachment":"scroll","background-type":"","background-media":"","overlay-type":"","overlay-color":"","overlay-opacity":"","overlay-gradient":""},"mobile":{"background-color":"","background-image":"","background-repeat":"repeat","background-position":"center center","background-size":"auto","background-attachment":"scroll","background-type":"","background-media":"","overlay-type":"","overlay-color":"","overlay-opacity":"","overlay-gradient":""}},"ast-content-background-meta":{"desktop":{"background-color":"var(--ast-global-color-4)","background-image":"","background-repeat":"repeat","background-position":"center center","background-size":"auto","background-attachment":"scroll","background-type":"","background-media":"","overlay-type":"","overlay-color":"","overlay-opacity":"","overlay-gradient":""},"tablet":{"background-color":"var(--ast-global-color-4)","background-image":"","background-repeat":"repeat","background-position":"center center","background-size":"auto","background-attachment":"scroll","background-type":"","background-media":"","overlay-type":"","overlay-color":"","overlay-opacity":"","overlay-gradient":""},"mobile":{"background-color":"var(--ast-global-color-4)","background-image":"","background-repeat":"repeat","background-position":"center center","background-size":"auto","background-attachment":"scroll","background-type":"","background-media":"","overlay-type":"","overlay-color":"","overlay-opacity":"","overlay-gradient":""}},"footnotes":""},"class_list":["post-88","page","type-page","status-publish","hentry"],"yoast_head":"<!-- This site is optimized with the Yoast SEO plugin v26.4 - https:\/\/yoast.com\/wordpress\/plugins\/seo\/ -->\n<title>Pol\u00edtica de cookies - Garu<\/title>\n<meta name=\"robots\" content=\"index, follow, max-snippet:-1, max-image-preview:large, max-video-preview:-1\" \/>\n<link rel=\"canonical\" href=\"https:\/\/garu.eus\/politica-de-cookies\/\" \/>\n<meta property=\"og:locale\" content=\"es_ES\" \/>\n<meta property=\"og:type\" content=\"article\" \/>\n<meta property=\"og:title\" content=\"Pol\u00edtica de cookies - Garu\" \/>\n<meta property=\"og:description\" content=\"Este sitio web utiliza cookies para medir y analizar la navegaci\u00f3n de las personas usuarias. Las cookies son peque\u00f1os ficheros [&hellip;]\" \/>\n<meta property=\"og:url\" content=\"https:\/\/garu.eus\/politica-de-cookies\/\" \/>\n<meta property=\"og:site_name\" content=\"Garu\" \/>\n<meta name=\"twitter:card\" content=\"summary_large_image\" \/>\n<meta name=\"twitter:label1\" content=\"Tiempo de lectura\" \/>\n\t<meta name=\"twitter:data1\" content=\"2 minutos\" \/>\n<script type=\"application\/ld+json\" class=\"yoast-schema-graph\">{\"@context\":\"https:\/\/schema.org\",\"@graph\":[{\"@type\":\"WebPage\",\"@id\":\"https:\/\/garu.eus\/politica-de-cookies\/\",\"url\":\"https:\/\/garu.eus\/politica-de-cookies\/\",\"name\":\"Pol\u00edtica de cookies - Garu\",\"isPartOf\":{\"@id\":\"https:\/\/garu.eus\/#website\"},\"datePublished\":\"2025-11-25T07:34:38+00:00\",\"breadcrumb\":{\"@id\":\"https:\/\/garu.eus\/politica-de-cookies\/#breadcrumb\"},\"inLanguage\":\"es\",\"potentialAction\":[{\"@type\":\"ReadAction\",\"target\":[\"https:\/\/garu.eus\/politica-de-cookies\/\"]}]},{\"@type\":\"BreadcrumbList\",\"@id\":\"https:\/\/garu.eus\/politica-de-cookies\/#breadcrumb\",\"itemListElement\":[{\"@type\":\"ListItem\",\"position\":1,\"name\":\"Home\",\"item\":\"https:\/\/garu.eus\/es\/\"},{\"@type\":\"ListItem\",\"position\":2,\"name\":\"Pol\u00edtica de cookies\"}]},{\"@type\":\"WebSite\",\"@id\":\"https:\/\/garu.eus\/#website\",\"url\":\"https:\/\/garu.eus\/\",\"name\":\"Garu\",\"description\":\"\",\"publisher\":{\"@id\":\"https:\/\/garu.eus\/#organization\"},\"potentialAction\":[{\"@type\":\"SearchAction\",\"target\":{\"@type\":\"EntryPoint\",\"urlTemplate\":\"https:\/\/garu.eus\/?s={search_term_string}\"},\"query-input\":{\"@type\":\"PropertyValueSpecification\",\"valueRequired\":true,\"valueName\":\"search_term_string\"}}],\"inLanguage\":\"es\"},{\"@type\":\"Organization\",\"@id\":\"https:\/\/garu.eus\/#organization\",\"name\":\"Garu\",\"url\":\"https:\/\/garu.eus\/\",\"logo\":{\"@type\":\"ImageObject\",\"inLanguage\":\"es\",\"@id\":\"https:\/\/garu.eus\/#\/schema\/logo\/image\/\",\"url\":\"https:\/\/garu.eus\/wp-content\/uploads\/2026\/02\/garu-logotipoa.png\",\"contentUrl\":\"https:\/\/garu.eus\/wp-content\/uploads\/2026\/02\/garu-logotipoa.png\",\"width\":1025,\"height\":678,\"caption\":\"Garu\"},\"image\":{\"@id\":\"https:\/\/garu.eus\/#\/schema\/logo\/image\/\"}}]}<\/script>\n<!-- \/ Yoast SEO plugin. -->","yoast_head_json":{"title":"Pol\u00edtica de cookies - Garu","robots":{"index":"index","follow":"follow","max-snippet":"max-snippet:-1","max-image-preview":"max-image-preview:large","max-video-preview":"max-video-preview:-1"},"canonical":"https:\/\/garu.eus\/politica-de-cookies\/","og_locale":"es_ES","og_type":"article","og_title":"Pol\u00edtica de cookies - Garu","og_description":"Este sitio web utiliza cookies para medir y analizar la navegaci\u00f3n de las personas usuarias. Las cookies son peque\u00f1os ficheros [&hellip;]","og_url":"https:\/\/garu.eus\/politica-de-cookies\/","og_site_name":"Garu","twitter_card":"summary_large_image","twitter_misc":{"Tiempo de lectura":"2 minutos"},"schema":{"@context":"https:\/\/schema.org","@graph":[{"@type":"WebPage","@id":"https:\/\/garu.eus\/politica-de-cookies\/","url":"https:\/\/garu.eus\/politica-de-cookies\/","name":"Pol\u00edtica de cookies - Garu","isPartOf":{"@id":"https:\/\/garu.eus\/#website"},"datePublished":"2025-11-25T07:34:38+00:00","breadcrumb":{"@id":"https:\/\/garu.eus\/politica-de-cookies\/#breadcrumb"},"inLanguage":"es","potentialAction":[{"@type":"ReadAction","target":["https:\/\/garu.eus\/politica-de-cookies\/"]}]},{"@type":"BreadcrumbList","@id":"https:\/\/garu.eus\/politica-de-cookies\/#breadcrumb","itemListElement":[{"@type":"ListItem","position":1,"name":"Home","item":"https:\/\/garu.eus\/es\/"},{"@type":"ListItem","position":2,"name":"Pol\u00edtica de cookies"}]},{"@type":"WebSite","@id":"https:\/\/garu.eus\/#website","url":"https:\/\/garu.eus\/","name":"Garu","description":"","publisher":{"@id":"https:\/\/garu.eus\/#organization"},"potentialAction":[{"@type":"SearchAction","target":{"@type":"EntryPoint","urlTemplate":"https:\/\/garu.eus\/?s={search_term_string}"},"query-input":{"@type":"PropertyValueSpecification","valueRequired":true,"valueName":"search_term_string"}}],"inLanguage":"es"},{"@type":"Organization","@id":"https:\/\/garu.eus\/#organization","name":"Garu","url":"https:\/\/garu.eus\/","logo":{"@type":"ImageObject","inLanguage":"es","@id":"https:\/\/garu.eus\/#\/schema\/logo\/image\/","url":"https:\/\/garu.eus\/wp-content\/uploads\/2026\/02\/garu-logotipoa.png","contentUrl":"https:\/\/garu.eus\/wp-content\/uploads\/2026\/02\/garu-logotipoa.png","width":1025,"height":678,"caption":"Garu"},"image":{"@id":"https:\/\/garu.eus\/#\/schema\/logo\/image\/"}}]}},"_links":{"self":[{"href":"https:\/\/garu.eus\/es\/wp-json\/wp\/v2\/pages\/88","targetHints":{"allow":["GET"]}}],"collection":[{"href":"https:\/\/garu.eus\/es\/wp-json\/wp\/v2\/pages"}],"about":[{"href":"https:\/\/garu.eus\/es\/wp-json\/wp\/v2\/types\/page"}],"author":[{"embeddable":true,"href":"https:\/\/garu.eus\/es\/wp-json\/wp\/v2\/users\/1"}],"replies":[{"embeddable":true,"href":"https:\/\/garu.eus\/es\/wp-json\/wp\/v2\/comments?post=88"}],"version-history":[{"count":0,"href":"https:\/\/garu.eus\/es\/wp-json\/wp\/v2\/pages\/88\/revisions"}],"wp:attachment":[{"href":"https:\/\/garu.eus\/es\/wp-json\/wp\/v2\/media?parent=88"}],"curies":[{"name":"wp","href":"https:\/\/api.w.org\/{rel}","templated":true}]}}