{"id":265,"date":"2026-03-09T12:28:56","date_gmt":"2026-03-09T11:28:56","guid":{"rendered":"https:\/\/garu.eus\/?page_id=265"},"modified":"2026-03-09T13:52:52","modified_gmt":"2026-03-09T12:52:52","slug":"servicios","status":"publish","type":"page","link":"https:\/\/garu.eus\/es\/servicios\/","title":{"rendered":"Servicios"},"content":{"rendered":"\t\t<div data-elementor-type=\"wp-page\" data-elementor-id=\"265\" class=\"elementor elementor-265\" data-elementor-post-type=\"page\">\n\t\t\t\t<div class=\"elementor-element elementor-element-4d8f99e e-flex e-con-boxed e-con e-parent\" data-id=\"4d8f99e\" data-element_type=\"container\" data-settings=\"{&quot;background_background&quot;:&quot;classic&quot;}\">\n\t\t\t\t\t<div class=\"e-con-inner\">\n\t\t\t\t<div class=\"elementor-element elementor-element-f5c8d67 elementor-widget elementor-widget-heading\" data-id=\"f5c8d67\" data-element_type=\"widget\" data-widget_type=\"heading.default\">\n\t\t\t\t\t\t\t<h1 class=\"elementor-heading-title elementor-size-default\">Servicios<\/h1>\t\t\t\t<\/div>\n\t\t\t\t<div class=\"elementor-element elementor-element-b4f79e6 elementor-widget elementor-widget-text-editor\" data-id=\"b4f79e6\" data-element_type=\"widget\" data-widget_type=\"text-editor.default\">\n\t\t\t\t\t\t\t\t\t\t\t<p>Nos encargamos de todo tipo de trabajos de fontaner\u00eda, calefacci\u00f3n, climatizaci\u00f3n y ventilaci\u00f3n, tanto en viviendas particulares como en locales y comunidades. Nuestro objetivo es claro: ofrecer un servicio completo, fiable y adaptado a cada cliente.<\/p>\t\t\t\t\t\t\t\t<\/div>\n\t\t<div class=\"elementor-element elementor-element-f42adb0 e-con-full e-flex e-con e-child\" data-id=\"f42adb0\" data-element_type=\"container\">\n\t\t<div class=\"elementor-element elementor-element-f50c2f5 e-con-full e-flex e-con e-child\" data-id=\"f50c2f5\" data-element_type=\"container\">\n\t\t\t\t<div class=\"elementor-element elementor-element-7e38983 elementor-view-default elementor-widget elementor-widget-icon\" data-id=\"7e38983\" data-element_type=\"widget\" data-widget_type=\"icon.default\">\n\t\t\t\t\t\t\t\t\t<div class=\"elementor-icon-wrapper\">\n\t\t\t<div class=\"elementor-icon\">\n\t\t\t<svg xmlns=\"http:\/\/www.w3.org\/2000\/svg\" xmlns:xlink=\"http:\/\/www.w3.org\/1999\/xlink\" fill=\"#000000\" height=\"800px\" width=\"800px\" id=\"Capa_1\" viewBox=\"0 0 465.757 465.757\" xml:space=\"preserve\"><g>\t<path d=\"M457.618,402.336L297.86,242.579l89.103-89.103c8.302-8.301,18.789-14.653,30.324-18.371  c9.347-3.004,17.622-8.064,24.596-15.04c11.884-11.883,18.283-27.683,18.02-44.488c-0.265-16.808-7.173-32.415-19.454-43.948  c-1.509-1.416-3.64-1.955-5.635-1.428c-1.998,0.526-3.586,2.043-4.201,4.017l-10.479,33.619  c-3.049,9.771-13.479,15.239-23.256,12.189c-7.798-2.434-13.037-9.552-13.037-17.712c0-1.865,0.285-3.727,0.848-5.532l10.37-33.23  c0.619-1.985,0.167-4.149-1.195-5.719c-1.362-1.57-3.44-2.325-5.493-1.991c-11.401,1.85-21.976,6.824-30.581,14.386  c-15.127,13.302-22.828,33.175-20.601,53.162c2.449,21.952-5.368,43.759-21.449,59.832l-58.619,58.618l-9.514-9.514l-14.763-33.971  c-0.3-0.69-0.728-1.318-1.261-1.851l-74.533-74.535c-1.126-1.125-2.652-1.757-4.243-1.757s-3.117,0.632-4.242,1.757L92.702,137.83  l-25.827-25.827l56.925-56.925c2.344-2.343,2.344-6.142,0-8.485L98.035,20.828c-2.153-2.154-5.583-2.353-7.972-0.457L11.065,83.062  C4.601,88.029,0.591,95.544,0.06,103.678c-0.531,8.135,2.471,16.106,8.235,21.871l18.275,18.274  c1.171,1.171,2.707,1.757,4.242,1.757c1.535,0,3.071-0.586,4.242-1.757l4.243-4.243l25.827,25.827l-4.243,4.243  c-2.344,2.343-2.344,6.142-0.001,8.485l31.819,31.82c2.343,2.343,6.143,2.344,8.485,0l9.193-9.193l19.8,19.8l-9.192,9.192  c-2.344,2.343-2.344,6.142-0.001,8.485l5.426,5.426c8.916,8.916,22.2,11.41,33.6,6.73l13.249,13.25  c1.126,1.125,2.651,1.757,4.243,1.757s3.117-0.632,4.243-1.757l14.142-14.142c2.343-2.343,2.343-6.142,0-8.485l-7.171-7.172  l13.338-7.874l15.466,15.466l-70.783,70.784c-8.302,8.301-18.789,14.653-30.326,18.371c-9.209,2.964-17.713,8.167-24.596,15.049  c-11.885,11.886-18.283,27.688-18.018,44.495c0.267,16.805,7.176,32.407,19.455,43.933c1.507,1.415,3.638,1.953,5.633,1.428  c1.998-0.526,3.586-2.043,4.201-4.015l10.489-33.611c1.477-4.733,4.708-8.607,9.098-10.909c4.391-2.303,9.414-2.757,14.148-1.28  c7.798,2.434,13.037,9.552,13.037,17.712c0,1.865-0.285,3.727-0.849,5.534l-10.36,33.23c-0.619,1.986-0.165,4.15,1.199,5.721  c1.149,1.323,2.808,2.065,4.529,2.065c0.321,0,0.646-0.026,0.968-0.079c11.399-1.864,21.968-6.841,30.563-14.394  c15.14-13.302,22.841-33.173,20.603-53.153c-2.448-21.94,5.371-43.753,21.449-59.842l40.299-40.299l159.311,159.311  c5.653,5.653,13.02,8.506,20.347,8.506c6.746,0,13.458-2.419,18.768-7.3c5.683-5.225,8.901-12.352,9.063-20.068  C465.912,414.948,463.024,407.743,457.618,402.336z M324.222,151.707c18.675-18.665,27.748-44.051,24.892-69.648  c-1.794-16.095,4.411-32.103,16.598-42.818c4.331-3.807,9.289-6.797,14.646-8.866l-7.126,22.835  c-0.924,2.965-1.392,6.028-1.392,9.104c0,13.44,8.625,25.161,21.463,29.167c16.095,5.021,33.267-3.983,38.286-20.072l7.295-23.403  c5.711,8.071,8.86,17.646,9.019,27.76c0.213,13.529-4.938,26.248-14.506,35.815c-5.613,5.614-12.269,9.685-19.786,12.102  c-13.344,4.299-25.492,11.667-35.133,21.308l-89.103,89.104l-23.77-23.77L324.222,151.707z M16.781,117.063  c-3.322-3.322-5.052-7.916-4.746-12.604c0.306-4.688,2.617-9.019,6.416-11.939l74.882-59.424l17.739,17.74l-80.259,80.259  L16.781,117.063z M47.783,131.095l10.607-10.607l25.827,25.827L73.61,156.922L47.783,131.095z M118.864,192.277l5.658-5.657  l19.799,19.799l-5.657,5.657L118.864,192.277z M152.806,197.934l-19.799-19.799l10.607-10.607l19.799,19.799L152.806,197.934z   M183.161,245.26l-5.656,5.657l-6.571-6.572l7.113-4.199L183.161,245.26z M209.476,313.992  c-18.672,18.684-27.743,44.072-24.889,69.659c1.803,16.087-4.402,32.089-16.598,42.805c-4.327,3.803-9.281,6.793-14.637,8.865  l7.116-22.824c0.924-2.965,1.392-6.028,1.392-9.104c0-13.44-8.625-25.161-21.463-29.167c-16.09-5.018-33.257,3.985-38.275,20.07  l-7.303,23.401c-5.712-8.066-8.861-17.639-9.021-27.751c-0.215-13.531,4.937-26.251,14.504-35.82  c5.62-5.62,12.277-9.694,19.788-12.112c13.344-4.299,25.492-11.667,35.133-21.308l70.784-70.784l23.77,23.77L209.476,313.992z   M448.566,433.86c-6.219,5.717-16.315,5.334-22.508-0.858L207.253,214.197c-1.156-1.156-2.692-1.757-4.244-1.757  c-1.046,0-2.1,0.273-3.049,0.833l-42.047,24.823c-7.438,4.394-16.903,3.194-23.016-2.916l-1.183-1.183l42.426-42.427  c2.344-2.343,2.344-6.142,0-8.485L147.856,154.8c-2.342-2.343-6.143-2.343-8.484,0l-42.428,42.426L73.61,173.892l79.196-79.196  l69.485,69.486l14.763,33.971c0.3,0.691,0.728,1.319,1.261,1.852l210.817,210.817c3.072,3.072,4.713,7.175,4.621,11.553  C453.661,426.791,451.818,430.87,448.566,433.86z\"><\/path>\t<circle cx=\"438.141\" cy=\"421.763\" r=\"8\"><\/circle><\/g><\/svg>\t\t\t<\/div>\n\t\t<\/div>\n\t\t\t\t\t\t<\/div>\n\t\t\t\t<div class=\"elementor-element elementor-element-dee06ba elementor-widget elementor-widget-heading\" data-id=\"dee06ba\" data-element_type=\"widget\" data-widget_type=\"heading.default\">\n\t\t\t\t\t\t\t<h2 class=\"elementor-heading-title elementor-size-default\">Fontaner\u00eda y calefacci\u00f3n<\/h2>\t\t\t\t<\/div>\n\t\t\t\t<div class=\"elementor-element elementor-element-81e4578 elementor-widget elementor-widget-text-editor\" data-id=\"81e4578\" data-element_type=\"widget\" data-widget_type=\"text-editor.default\">\n\t\t\t\t\t\t\t\t\t\t\t<ul><li>Fontaner\u00eda en general<\/li><li>Reformas de cocinas y ba\u00f1os<\/li><li>Cambio e instalaci\u00f3n de termos el\u00e9ctricos<\/li><li>Sustituci\u00f3n de calderas y calentadores<\/li><li>Instalaciones de gas<\/li><\/ul>\t\t\t\t\t\t\t\t<\/div>\n\t\t\t\t<\/div>\n\t\t<div class=\"elementor-element elementor-element-c698ad4 e-con-full e-flex e-con e-child\" data-id=\"c698ad4\" data-element_type=\"container\">\n\t\t\t\t<div class=\"elementor-element elementor-element-ed27682 elementor-view-default elementor-widget elementor-widget-icon\" data-id=\"ed27682\" data-element_type=\"widget\" data-widget_type=\"icon.default\">\n\t\t\t\t\t\t\t\t\t<div class=\"elementor-icon-wrapper\">\n\t\t\t<div class=\"elementor-icon\">\n\t\t\t<svg xmlns=\"http:\/\/www.w3.org\/2000\/svg\" xmlns:xlink=\"http:\/\/www.w3.org\/1999\/xlink\" fill=\"#000000\" width=\"800px\" height=\"800px\" viewBox=\"0 -15.75 122.88 122.88\" id=\"Layer_1\" style=\"enable-background:new 0 0 122.88 91.38\" xml:space=\"preserve\"><g><path d=\"M97.13,26.09c-1.11,0-2.01-0.9-2.01-2.01c0-1.11,0.9-2.01,2.01-2.01h11.52c1.11,0,2.01,0.9,2.01,2.01 c0,1.11-0.9,2.01-2.01,2.01H97.13L97.13,26.09z M5.98,0H116.9c1.65,0,3.14,0.67,4.22,1.75c1.08,1.08,1.75,2.58,1.75,4.22v79.43 c0,1.65-0.67,3.14-1.75,4.22c-1.08,1.08-2.58,1.75-4.22,1.75H5.98c-1.65,0-3.14-0.67-4.22-1.75C0.67,88.55,0,87.05,0,85.41V5.98 c0-1.65,0.67-3.14,1.75-4.22C2.84,0.67,4.33,0,5.98,0L5.98,0z M116.9,4.03H5.98c-0.53,0-1.02,0.22-1.37,0.57 C4.25,4.95,4.03,5.44,4.03,5.98v79.43c0,0.53,0.22,1.02,0.57,1.37c0.35,0.35,0.84,0.57,1.37,0.57H116.9c0.53,0,1.02-0.22,1.37-0.57 c0.35-0.35,0.57-0.84,0.57-1.37V5.98c0-0.53-0.22-1.02-0.57-1.37C117.92,4.25,117.44,4.03,116.9,4.03L116.9,4.03z M45.68,8.45 c10.26,0,19.55,4.16,26.28,10.89c6.73,6.73,10.89,16.02,10.89,26.28c0,8.53-2.87,16.38-7.7,22.66v0.1c0,0.75-0.56,1.37-1.29,1.48 c-0.61,0.71-1.24,1.39-1.9,2.04c-6.73,6.73-16.02,10.89-26.28,10.89c-10.26,0-19.55-4.16-26.28-10.89 C12.67,65.17,8.51,55.88,8.51,45.62c0-10.26,4.16-19.55,10.89-26.28C26.13,12.61,35.42,8.45,45.68,8.45L45.68,8.45L45.68,8.45z M69.82,21.47c-1.18-1.18-2.45-2.28-3.79-3.28v54.84c1.34-1,2.61-2.09,3.79-3.28c0.81-0.81,1.57-1.66,2.3-2.54l0-43.02 c0-0.06,0-0.12,0.01-0.17C71.41,23.14,70.64,22.28,69.82,21.47L69.82,21.47L69.82,21.47z M63.04,16.2 c-1.93-1.14-3.97-2.09-6.12-2.84v64.5c2.14-0.74,4.17-1.69,6.09-2.83V16.47C63.01,16.38,63.02,16.29,63.04,16.2L63.04,16.2z M53.9,12.47c-1.97-0.49-4-0.8-6.09-0.93V79.7c2.09-0.13,4.12-0.44,6.09-0.93V12.47L53.9,12.47z M44.79,11.48 c-2.08,0.05-4.12,0.29-6.09,0.7v66.86c1.97,0.41,4.01,0.65,6.09,0.7V11.48L44.79,11.48z M35.68,12.96 c-2.13,0.65-4.16,1.5-6.09,2.54v60.24c1.93,1.03,3.97,1.88,6.09,2.54V12.96L35.68,12.96L35.68,12.96z M26.56,17.32 c-1.81,1.22-3.49,2.61-5.03,4.15c-0.36,0.36-0.72,0.73-1.06,1.11l0,0.03v46.03c0.35,0.38,0.7,0.75,1.06,1.11 c1.54,1.54,3.22,2.93,5.03,4.15L26.56,17.32L26.56,17.32L26.56,17.32z M17.45,26.4c-3.73,5.47-5.92,12.09-5.92,19.22 c0,7.13,2.18,13.74,5.92,19.22V26.4L17.45,26.4z M75.14,62.88c2.98-5.07,4.68-10.97,4.68-17.27s-1.71-12.2-4.68-17.27V62.88 L75.14,62.88L75.14,62.88z M84.19,16.5c-1.11,0-2.01-0.9-2.01-2.01c0-1.11,0.9-2.01,2.01-2.01h24.45c1.11,0,2.01,0.9,2.01,2.01 c0,1.11-0.9,2.01-2.01,2.01H84.19L84.19,16.5z\"><\/path><\/g><\/svg>\t\t\t<\/div>\n\t\t<\/div>\n\t\t\t\t\t\t<\/div>\n\t\t\t\t<div class=\"elementor-element elementor-element-9e12fca elementor-widget elementor-widget-heading\" data-id=\"9e12fca\" data-element_type=\"widget\" data-widget_type=\"heading.default\">\n\t\t\t\t\t\t\t<h2 class=\"elementor-heading-title elementor-size-default\">Climatizaci\u00f3n y ventilaci\u00f3n<\/h2>\t\t\t\t<\/div>\n\t\t\t\t<div class=\"elementor-element elementor-element-9f55ac9 elementor-widget elementor-widget-text-editor\" data-id=\"9f55ac9\" data-element_type=\"widget\" data-widget_type=\"text-editor.default\">\n\t\t\t\t\t\t\t\t\t\t\t<ul><li data-start=\"1626\" data-end=\"1693\"><p data-start=\"1628\" data-end=\"1693\">Instalaci\u00f3n y mantenimiento de sistemas de climatizaci\u00f3n y aire acondicionado<\/p><\/li><li data-start=\"1694\" data-end=\"1741\"><p data-start=\"1696\" data-end=\"1741\">Sistemas de aerotermia para calefacci\u00f3n y ACS<\/p><\/li><li data-start=\"1742\" data-end=\"1789\"><p data-start=\"1744\" data-end=\"1789\">Conductos de ventilaci\u00f3n en chapa y fibra de vidrio<\/p><\/li><li data-start=\"1790\" data-end=\"1829\"><p data-start=\"1792\" data-end=\"1829\">Reparaci\u00f3n de equipos de todas las marcas<\/p><\/li><\/ul>\t\t\t\t\t\t\t\t<\/div>\n\t\t\t\t<\/div>\n\t\t\t\t<\/div>\n\t\t\t\t<div class=\"elementor-element elementor-element-a989c93 elementor-widget elementor-widget-text-editor\" data-id=\"a989c93\" data-element_type=\"widget\" data-widget_type=\"text-editor.default\">\n\t\t\t\t\t\t\t\t\t\t\t<p>Trabajamos siempre con materiales de primera calidad y buscamos la soluci\u00f3n m\u00e1s adecuada para cada cliente, uniendo experiencia, eficiencia y un trato cercano.<\/p>\t\t\t\t\t\t\t\t<\/div>\n\t\t\t\t\t<\/div>\n\t\t\t\t<\/div>\n\t\t\t\t<\/div>\n\t\t","protected":false},"excerpt":{"rendered":"<p>Servicios Nos encargamos de todo tipo de trabajos de fontaner\u00eda, calefacci\u00f3n, climatizaci\u00f3n y ventilaci\u00f3n, tanto en viviendas particulares como en [&hellip;]<\/p>\n","protected":false},"author":1,"featured_media":0,"parent":0,"menu_order":0,"comment_status":"closed","ping_status":"closed","template":"","meta":{"site-sidebar-layout":"no-sidebar","site-content-layout":"","ast-site-content-layout":"full-width-container","site-content-style":"default","site-sidebar-style":"default","ast-global-header-display":"","ast-banner-title-visibility":"","ast-main-header-display":"","ast-hfb-above-header-display":"","ast-hfb-below-header-display":"","ast-hfb-mobile-header-display":"","site-post-title":"disabled","ast-breadcrumbs-content":"","ast-featured-img":"disabled","footer-sml-layout":"","theme-transparent-header-meta":"","adv-header-id-meta":"","stick-header-meta":"","header-above-stick-meta":"","header-main-stick-meta":"","header-below-stick-meta":"","astra-migrate-meta-layouts":"default","ast-page-background-enabled":"default","ast-page-background-meta":{"desktop":{"background-color":"var(--ast-global-color-5)","background-image":"","background-repeat":"repeat","background-position":"center center","background-size":"auto","background-attachment":"scroll","background-type":"","background-media":"","overlay-type":"","overlay-color":"","overlay-opacity":"","overlay-gradient":""},"tablet":{"background-color":"","background-image":"","background-repeat":"repeat","background-position":"center center","background-size":"auto","background-attachment":"scroll","background-type":"","background-media":"","overlay-type":"","overlay-color":"","overlay-opacity":"","overlay-gradient":""},"mobile":{"background-color":"","background-image":"","background-repeat":"repeat","background-position":"center center","background-size":"auto","background-attachment":"scroll","background-type":"","background-media":"","overlay-type":"","overlay-color":"","overlay-opacity":"","overlay-gradient":""}},"ast-content-background-meta":{"desktop":{"background-color":"var(--ast-global-color-4)","background-image":"","background-repeat":"repeat","background-position":"center center","background-size":"auto","background-attachment":"scroll","background-type":"","background-media":"","overlay-type":"","overlay-color":"","overlay-opacity":"","overlay-gradient":""},"tablet":{"background-color":"var(--ast-global-color-4)","background-image":"","background-repeat":"repeat","background-position":"center center","background-size":"auto","background-attachment":"scroll","background-type":"","background-media":"","overlay-type":"","overlay-color":"","overlay-opacity":"","overlay-gradient":""},"mobile":{"background-color":"var(--ast-global-color-4)","background-image":"","background-repeat":"repeat","background-position":"center center","background-size":"auto","background-attachment":"scroll","background-type":"","background-media":"","overlay-type":"","overlay-color":"","overlay-opacity":"","overlay-gradient":""}},"footnotes":""},"class_list":["post-265","page","type-page","status-publish","hentry"],"yoast_head":"<!-- This site is optimized with the Yoast SEO plugin v26.4 - https:\/\/yoast.com\/wordpress\/plugins\/seo\/ -->\n<title>Servicios - Garu<\/title>\n<meta name=\"description\" content=\"Realizamos todo tipo de trabajos de fontaner\u00eda, calefacci\u00f3n, climatizaci\u00f3n y ventilaci\u00f3n, en viviendas particulares, locales y comunidades.\" \/>\n<meta name=\"robots\" content=\"index, follow, max-snippet:-1, max-image-preview:large, max-video-preview:-1\" \/>\n<link rel=\"canonical\" href=\"https:\/\/garu.eus\/es\/servicios\/\" \/>\n<meta property=\"og:locale\" content=\"es_ES\" \/>\n<meta property=\"og:type\" content=\"article\" \/>\n<meta property=\"og:title\" content=\"Servicios - Garu\" \/>\n<meta property=\"og:description\" content=\"Realizamos todo tipo de trabajos de fontaner\u00eda, calefacci\u00f3n, climatizaci\u00f3n y ventilaci\u00f3n, en viviendas particulares, locales y comunidades.\" \/>\n<meta property=\"og:url\" content=\"https:\/\/garu.eus\/es\/servicios\/\" \/>\n<meta property=\"og:site_name\" content=\"Garu\" \/>\n<meta property=\"article:modified_time\" content=\"2026-03-09T12:52:52+00:00\" \/>\n<meta name=\"twitter:card\" content=\"summary_large_image\" \/>\n<meta name=\"twitter:label1\" content=\"Tiempo de lectura\" \/>\n\t<meta name=\"twitter:data1\" content=\"1 minuto\" \/>\n<script type=\"application\/ld+json\" class=\"yoast-schema-graph\">{\"@context\":\"https:\/\/schema.org\",\"@graph\":[{\"@type\":\"WebPage\",\"@id\":\"https:\/\/garu.eus\/es\/servicios\/\",\"url\":\"https:\/\/garu.eus\/es\/servicios\/\",\"name\":\"Servicios - Garu\",\"isPartOf\":{\"@id\":\"https:\/\/garu.eus\/#website\"},\"datePublished\":\"2026-03-09T11:28:56+00:00\",\"dateModified\":\"2026-03-09T12:52:52+00:00\",\"description\":\"Realizamos todo tipo de trabajos de fontaner\u00eda, calefacci\u00f3n, climatizaci\u00f3n y ventilaci\u00f3n, en viviendas particulares, locales y comunidades.\",\"breadcrumb\":{\"@id\":\"https:\/\/garu.eus\/es\/servicios\/#breadcrumb\"},\"inLanguage\":\"es\",\"potentialAction\":[{\"@type\":\"ReadAction\",\"target\":[\"https:\/\/garu.eus\/es\/servicios\/\"]}]},{\"@type\":\"BreadcrumbList\",\"@id\":\"https:\/\/garu.eus\/es\/servicios\/#breadcrumb\",\"itemListElement\":[{\"@type\":\"ListItem\",\"position\":1,\"name\":\"Home\",\"item\":\"https:\/\/garu.eus\/es\/\"},{\"@type\":\"ListItem\",\"position\":2,\"name\":\"Servicios\"}]},{\"@type\":\"WebSite\",\"@id\":\"https:\/\/garu.eus\/#website\",\"url\":\"https:\/\/garu.eus\/\",\"name\":\"Garu\",\"description\":\"\",\"publisher\":{\"@id\":\"https:\/\/garu.eus\/#organization\"},\"potentialAction\":[{\"@type\":\"SearchAction\",\"target\":{\"@type\":\"EntryPoint\",\"urlTemplate\":\"https:\/\/garu.eus\/?s={search_term_string}\"},\"query-input\":{\"@type\":\"PropertyValueSpecification\",\"valueRequired\":true,\"valueName\":\"search_term_string\"}}],\"inLanguage\":\"es\"},{\"@type\":\"Organization\",\"@id\":\"https:\/\/garu.eus\/#organization\",\"name\":\"Garu\",\"url\":\"https:\/\/garu.eus\/\",\"logo\":{\"@type\":\"ImageObject\",\"inLanguage\":\"es\",\"@id\":\"https:\/\/garu.eus\/#\/schema\/logo\/image\/\",\"url\":\"https:\/\/garu.eus\/wp-content\/uploads\/2026\/02\/garu-logotipoa.png\",\"contentUrl\":\"https:\/\/garu.eus\/wp-content\/uploads\/2026\/02\/garu-logotipoa.png\",\"width\":1025,\"height\":678,\"caption\":\"Garu\"},\"image\":{\"@id\":\"https:\/\/garu.eus\/#\/schema\/logo\/image\/\"}}]}<\/script>\n<!-- \/ Yoast SEO plugin. -->","yoast_head_json":{"title":"Servicios - Garu","description":"Realizamos todo tipo de trabajos de fontaner\u00eda, calefacci\u00f3n, climatizaci\u00f3n y ventilaci\u00f3n, en viviendas particulares, locales y comunidades.","robots":{"index":"index","follow":"follow","max-snippet":"max-snippet:-1","max-image-preview":"max-image-preview:large","max-video-preview":"max-video-preview:-1"},"canonical":"https:\/\/garu.eus\/es\/servicios\/","og_locale":"es_ES","og_type":"article","og_title":"Servicios - Garu","og_description":"Realizamos todo tipo de trabajos de fontaner\u00eda, calefacci\u00f3n, climatizaci\u00f3n y ventilaci\u00f3n, en viviendas particulares, locales y comunidades.","og_url":"https:\/\/garu.eus\/es\/servicios\/","og_site_name":"Garu","article_modified_time":"2026-03-09T12:52:52+00:00","twitter_card":"summary_large_image","twitter_misc":{"Tiempo de lectura":"1 minuto"},"schema":{"@context":"https:\/\/schema.org","@graph":[{"@type":"WebPage","@id":"https:\/\/garu.eus\/es\/servicios\/","url":"https:\/\/garu.eus\/es\/servicios\/","name":"Servicios - Garu","isPartOf":{"@id":"https:\/\/garu.eus\/#website"},"datePublished":"2026-03-09T11:28:56+00:00","dateModified":"2026-03-09T12:52:52+00:00","description":"Realizamos todo tipo de trabajos de fontaner\u00eda, calefacci\u00f3n, climatizaci\u00f3n y ventilaci\u00f3n, en viviendas particulares, locales y comunidades.","breadcrumb":{"@id":"https:\/\/garu.eus\/es\/servicios\/#breadcrumb"},"inLanguage":"es","potentialAction":[{"@type":"ReadAction","target":["https:\/\/garu.eus\/es\/servicios\/"]}]},{"@type":"BreadcrumbList","@id":"https:\/\/garu.eus\/es\/servicios\/#breadcrumb","itemListElement":[{"@type":"ListItem","position":1,"name":"Home","item":"https:\/\/garu.eus\/es\/"},{"@type":"ListItem","position":2,"name":"Servicios"}]},{"@type":"WebSite","@id":"https:\/\/garu.eus\/#website","url":"https:\/\/garu.eus\/","name":"Garu","description":"","publisher":{"@id":"https:\/\/garu.eus\/#organization"},"potentialAction":[{"@type":"SearchAction","target":{"@type":"EntryPoint","urlTemplate":"https:\/\/garu.eus\/?s={search_term_string}"},"query-input":{"@type":"PropertyValueSpecification","valueRequired":true,"valueName":"search_term_string"}}],"inLanguage":"es"},{"@type":"Organization","@id":"https:\/\/garu.eus\/#organization","name":"Garu","url":"https:\/\/garu.eus\/","logo":{"@type":"ImageObject","inLanguage":"es","@id":"https:\/\/garu.eus\/#\/schema\/logo\/image\/","url":"https:\/\/garu.eus\/wp-content\/uploads\/2026\/02\/garu-logotipoa.png","contentUrl":"https:\/\/garu.eus\/wp-content\/uploads\/2026\/02\/garu-logotipoa.png","width":1025,"height":678,"caption":"Garu"},"image":{"@id":"https:\/\/garu.eus\/#\/schema\/logo\/image\/"}}]}},"_links":{"self":[{"href":"https:\/\/garu.eus\/es\/wp-json\/wp\/v2\/pages\/265","targetHints":{"allow":["GET"]}}],"collection":[{"href":"https:\/\/garu.eus\/es\/wp-json\/wp\/v2\/pages"}],"about":[{"href":"https:\/\/garu.eus\/es\/wp-json\/wp\/v2\/types\/page"}],"author":[{"embeddable":true,"href":"https:\/\/garu.eus\/es\/wp-json\/wp\/v2\/users\/1"}],"replies":[{"embeddable":true,"href":"https:\/\/garu.eus\/es\/wp-json\/wp\/v2\/comments?post=265"}],"version-history":[{"count":7,"href":"https:\/\/garu.eus\/es\/wp-json\/wp\/v2\/pages\/265\/revisions"}],"predecessor-version":[{"id":313,"href":"https:\/\/garu.eus\/es\/wp-json\/wp\/v2\/pages\/265\/revisions\/313"}],"wp:attachment":[{"href":"https:\/\/garu.eus\/es\/wp-json\/wp\/v2\/media?parent=265"}],"curies":[{"name":"wp","href":"https:\/\/api.w.org\/{rel}","templated":true}]}}