{"id":258,"date":"2026-03-09T12:22:40","date_gmt":"2026-03-09T11:22:40","guid":{"rendered":"https:\/\/garu.eus\/?page_id=258"},"modified":"2026-03-09T12:28:00","modified_gmt":"2026-03-09T11:28:00","slug":"quienes-somos","status":"publish","type":"page","link":"https:\/\/garu.eus\/es\/quienes-somos\/","title":{"rendered":"Qui\u00e9nes somos"},"content":{"rendered":"\t\t<div data-elementor-type=\"wp-page\" data-elementor-id=\"258\" class=\"elementor elementor-258\" data-elementor-post-type=\"page\">\n\t\t\t\t<div class=\"elementor-element elementor-element-48fa8f2 e-flex e-con-boxed e-con e-parent\" data-id=\"48fa8f2\" data-element_type=\"container\">\n\t\t\t\t\t<div class=\"e-con-inner\">\n\t\t<div class=\"elementor-element elementor-element-014ac83 e-con-full e-flex e-con e-child\" data-id=\"014ac83\" data-element_type=\"container\">\n\t\t\t\t<div class=\"elementor-element elementor-element-1e0b9e5 elementor-widget elementor-widget-heading\" data-id=\"1e0b9e5\" data-element_type=\"widget\" data-widget_type=\"heading.default\">\n\t\t\t\t\t\t\t<h1 class=\"elementor-heading-title elementor-size-default\">Qui\u00e9nes somos<\/h1>\t\t\t\t<\/div>\n\t\t\t\t<div class=\"elementor-element elementor-element-c3e68bc elementor-widget elementor-widget-text-editor\" data-id=\"c3e68bc\" data-element_type=\"widget\" data-widget_type=\"text-editor.default\">\n\t\t\t\t\t\t\t\t\t\t\t<p data-start=\"241\" data-end=\"519\">Somos una empresa familiar del barrio del Antiguo, con una trayectoria larga y muy unida al barrio de toda la vida. Llevamos tres generaciones dedic\u00e1ndonos a este oficio, desde que en 1950 comenzamos ofreciendo servicios de fontaner\u00eda, calefacci\u00f3n y gas, siempre con un trato cercano y aut\u00e9ntico.<\/p><p data-start=\"521\" data-end=\"754\">Con los a\u00f1os hemos ido creciendo, ampliando nuestras especialidades y adapt\u00e1ndonos a las necesidades de cada \u00e9poca. Desde 2010 incorporamos tambi\u00e9n los trabajos de climatizaci\u00f3n y ventilaci\u00f3n, apostando por soluciones modernas y eficientes, pero sin perder la cercan\u00eda y la confianza que caracterizan nuestro modo de trabajar.<\/p><p data-start=\"756\" data-end=\"957\">Hoy el equipo lo formamos Gorka, Iosu, Andoni y Javi, cuatro profesionales que mantenemos intacta la ilusi\u00f3n del primer d\u00eda: hacer bien las cosas, responder con rapidez y cercan\u00eda, y cuidar cada detalle para que el cliente tenga la mejor experiencia posible.<\/p><p data-start=\"959\" data-end=\"1110\">Llevamos m\u00e1s de 70 a\u00f1os trabajando en el Antiguo, y seguimos prestando servicio con la misma confianza de siempre. Tambi\u00e9n realizamos trabajos en toda Gipuzkoa y en localidades cercanas.<\/p>\t\t\t\t\t\t\t\t<\/div>\n\t\t\t\t<\/div>\n\t\t<div class=\"elementor-element elementor-element-f69d336 e-con-full elementor-hidden-mobile e-flex e-con e-child\" data-id=\"f69d336\" data-element_type=\"container\">\n\t\t\t\t<div class=\"elementor-element elementor-element-554c527 elementor-widget elementor-widget-image\" data-id=\"554c527\" data-element_type=\"widget\" data-widget_type=\"image.default\">\n\t\t\t\t\t\t\t\t\t\t\t\t\t\t\t\t\t<img fetchpriority=\"high\" decoding=\"async\" width=\"1024\" height=\"683\" src=\"https:\/\/garu.eus\/wp-content\/uploads\/2025\/11\/fontaneria-2.jpg\" class=\"attachment-large size-large wp-image-114\" alt=\"\" srcset=\"https:\/\/garu.eus\/wp-content\/uploads\/2025\/11\/fontaneria-2.jpg 1024w, https:\/\/garu.eus\/wp-content\/uploads\/2025\/11\/fontaneria-2-800x534.jpg 800w, https:\/\/garu.eus\/wp-content\/uploads\/2025\/11\/fontaneria-2-768x512.jpg 768w\" sizes=\"(max-width: 1024px) 100vw, 1024px\" \/>\t\t\t\t\t\t\t\t\t\t\t\t\t\t\t<\/div>\n\t\t\t\t<\/div>\n\t\t\t\t\t<\/div>\n\t\t\t\t<\/div>\n\t\t\t\t<\/div>\n\t\t","protected":false},"excerpt":{"rendered":"<p>Qui\u00e9nes somos Somos una empresa familiar del barrio del Antiguo, con una trayectoria larga y muy unida al barrio de [&hellip;]<\/p>\n","protected":false},"author":1,"featured_media":0,"parent":0,"menu_order":0,"comment_status":"closed","ping_status":"closed","template":"","meta":{"site-sidebar-layout":"no-sidebar","site-content-layout":"","ast-site-content-layout":"full-width-container","site-content-style":"default","site-sidebar-style":"default","ast-global-header-display":"","ast-banner-title-visibility":"","ast-main-header-display":"","ast-hfb-above-header-display":"","ast-hfb-below-header-display":"","ast-hfb-mobile-header-display":"","site-post-title":"disabled","ast-breadcrumbs-content":"","ast-featured-img":"disabled","footer-sml-layout":"","theme-transparent-header-meta":"","adv-header-id-meta":"","stick-header-meta":"","header-above-stick-meta":"","header-main-stick-meta":"","header-below-stick-meta":"","astra-migrate-meta-layouts":"default","ast-page-background-enabled":"default","ast-page-background-meta":{"desktop":{"background-color":"var(--ast-global-color-5)","background-image":"","background-repeat":"repeat","background-position":"center center","background-size":"auto","background-attachment":"scroll","background-type":"","background-media":"","overlay-type":"","overlay-color":"","overlay-opacity":"","overlay-gradient":""},"tablet":{"background-color":"","background-image":"","background-repeat":"repeat","background-position":"center center","background-size":"auto","background-attachment":"scroll","background-type":"","background-media":"","overlay-type":"","overlay-color":"","overlay-opacity":"","overlay-gradient":""},"mobile":{"background-color":"","background-image":"","background-repeat":"repeat","background-position":"center center","background-size":"auto","background-attachment":"scroll","background-type":"","background-media":"","overlay-type":"","overlay-color":"","overlay-opacity":"","overlay-gradient":""}},"ast-content-background-meta":{"desktop":{"background-color":"var(--ast-global-color-4)","background-image":"","background-repeat":"repeat","background-position":"center center","background-size":"auto","background-attachment":"scroll","background-type":"","background-media":"","overlay-type":"","overlay-color":"","overlay-opacity":"","overlay-gradient":""},"tablet":{"background-color":"var(--ast-global-color-4)","background-image":"","background-repeat":"repeat","background-position":"center center","background-size":"auto","background-attachment":"scroll","background-type":"","background-media":"","overlay-type":"","overlay-color":"","overlay-opacity":"","overlay-gradient":""},"mobile":{"background-color":"var(--ast-global-color-4)","background-image":"","background-repeat":"repeat","background-position":"center center","background-size":"auto","background-attachment":"scroll","background-type":"","background-media":"","overlay-type":"","overlay-color":"","overlay-opacity":"","overlay-gradient":""}},"footnotes":""},"class_list":["post-258","page","type-page","status-publish","hentry"],"yoast_head":"<!-- This site is optimized with the Yoast SEO plugin v26.4 - https:\/\/yoast.com\/wordpress\/plugins\/seo\/ -->\n<title>Qui\u00e9nes somos - Garu<\/title>\n<meta name=\"description\" content=\"Somos una empresa familiar del barrio del Antiguo, con una trayectoria larga y muy unida al barrio de toda la vida.\" \/>\n<meta name=\"robots\" content=\"index, follow, max-snippet:-1, max-image-preview:large, max-video-preview:-1\" \/>\n<link rel=\"canonical\" href=\"https:\/\/garu.eus\/es\/quienes-somos\/\" \/>\n<meta property=\"og:locale\" content=\"es_ES\" \/>\n<meta property=\"og:type\" content=\"article\" \/>\n<meta property=\"og:title\" content=\"Qui\u00e9nes somos - Garu\" \/>\n<meta property=\"og:description\" content=\"Somos una empresa familiar del barrio del Antiguo, con una trayectoria larga y muy unida al barrio de toda la vida.\" \/>\n<meta property=\"og:url\" content=\"https:\/\/garu.eus\/es\/quienes-somos\/\" \/>\n<meta property=\"og:site_name\" content=\"Garu\" \/>\n<meta property=\"article:modified_time\" content=\"2026-03-09T11:28:00+00:00\" \/>\n<meta property=\"og:image\" content=\"https:\/\/garu.eus\/wp-content\/uploads\/2025\/11\/fontaneria-2.jpg\" \/>\n\t<meta property=\"og:image:width\" content=\"1024\" \/>\n\t<meta property=\"og:image:height\" content=\"683\" \/>\n\t<meta property=\"og:image:type\" content=\"image\/jpeg\" \/>\n<meta name=\"twitter:card\" content=\"summary_large_image\" \/>\n<meta name=\"twitter:label1\" content=\"Tiempo de lectura\" \/>\n\t<meta name=\"twitter:data1\" content=\"1 minuto\" \/>\n<script type=\"application\/ld+json\" class=\"yoast-schema-graph\">{\"@context\":\"https:\/\/schema.org\",\"@graph\":[{\"@type\":\"WebPage\",\"@id\":\"https:\/\/garu.eus\/es\/quienes-somos\/\",\"url\":\"https:\/\/garu.eus\/es\/quienes-somos\/\",\"name\":\"Qui\u00e9nes somos - Garu\",\"isPartOf\":{\"@id\":\"https:\/\/garu.eus\/#website\"},\"primaryImageOfPage\":{\"@id\":\"https:\/\/garu.eus\/es\/quienes-somos\/#primaryimage\"},\"image\":{\"@id\":\"https:\/\/garu.eus\/es\/quienes-somos\/#primaryimage\"},\"thumbnailUrl\":\"https:\/\/garu.eus\/wp-content\/uploads\/2025\/11\/fontaneria-2.jpg\",\"datePublished\":\"2026-03-09T11:22:40+00:00\",\"dateModified\":\"2026-03-09T11:28:00+00:00\",\"description\":\"Somos una empresa familiar del barrio del Antiguo, con una trayectoria larga y muy unida al barrio de toda la vida.\",\"breadcrumb\":{\"@id\":\"https:\/\/garu.eus\/es\/quienes-somos\/#breadcrumb\"},\"inLanguage\":\"es\",\"potentialAction\":[{\"@type\":\"ReadAction\",\"target\":[\"https:\/\/garu.eus\/es\/quienes-somos\/\"]}]},{\"@type\":\"ImageObject\",\"inLanguage\":\"es\",\"@id\":\"https:\/\/garu.eus\/es\/quienes-somos\/#primaryimage\",\"url\":\"https:\/\/garu.eus\/wp-content\/uploads\/2025\/11\/fontaneria-2.jpg\",\"contentUrl\":\"https:\/\/garu.eus\/wp-content\/uploads\/2025\/11\/fontaneria-2.jpg\"},{\"@type\":\"BreadcrumbList\",\"@id\":\"https:\/\/garu.eus\/es\/quienes-somos\/#breadcrumb\",\"itemListElement\":[{\"@type\":\"ListItem\",\"position\":1,\"name\":\"Home\",\"item\":\"https:\/\/garu.eus\/es\/\"},{\"@type\":\"ListItem\",\"position\":2,\"name\":\"Qui\u00e9nes somos\"}]},{\"@type\":\"WebSite\",\"@id\":\"https:\/\/garu.eus\/#website\",\"url\":\"https:\/\/garu.eus\/\",\"name\":\"Garu\",\"description\":\"\",\"publisher\":{\"@id\":\"https:\/\/garu.eus\/#organization\"},\"potentialAction\":[{\"@type\":\"SearchAction\",\"target\":{\"@type\":\"EntryPoint\",\"urlTemplate\":\"https:\/\/garu.eus\/?s={search_term_string}\"},\"query-input\":{\"@type\":\"PropertyValueSpecification\",\"valueRequired\":true,\"valueName\":\"search_term_string\"}}],\"inLanguage\":\"es\"},{\"@type\":\"Organization\",\"@id\":\"https:\/\/garu.eus\/#organization\",\"name\":\"Garu\",\"url\":\"https:\/\/garu.eus\/\",\"logo\":{\"@type\":\"ImageObject\",\"inLanguage\":\"es\",\"@id\":\"https:\/\/garu.eus\/#\/schema\/logo\/image\/\",\"url\":\"https:\/\/garu.eus\/wp-content\/uploads\/2026\/02\/garu-logotipoa.png\",\"contentUrl\":\"https:\/\/garu.eus\/wp-content\/uploads\/2026\/02\/garu-logotipoa.png\",\"width\":1025,\"height\":678,\"caption\":\"Garu\"},\"image\":{\"@id\":\"https:\/\/garu.eus\/#\/schema\/logo\/image\/\"}}]}<\/script>\n<!-- \/ Yoast SEO plugin. -->","yoast_head_json":{"title":"Qui\u00e9nes somos - Garu","description":"Somos una empresa familiar del barrio del Antiguo, con una trayectoria larga y muy unida al barrio de toda la vida.","robots":{"index":"index","follow":"follow","max-snippet":"max-snippet:-1","max-image-preview":"max-image-preview:large","max-video-preview":"max-video-preview:-1"},"canonical":"https:\/\/garu.eus\/es\/quienes-somos\/","og_locale":"es_ES","og_type":"article","og_title":"Qui\u00e9nes somos - Garu","og_description":"Somos una empresa familiar del barrio del Antiguo, con una trayectoria larga y muy unida al barrio de toda la vida.","og_url":"https:\/\/garu.eus\/es\/quienes-somos\/","og_site_name":"Garu","article_modified_time":"2026-03-09T11:28:00+00:00","og_image":[{"width":1024,"height":683,"url":"https:\/\/garu.eus\/wp-content\/uploads\/2025\/11\/fontaneria-2.jpg","type":"image\/jpeg"}],"twitter_card":"summary_large_image","twitter_misc":{"Tiempo de lectura":"1 minuto"},"schema":{"@context":"https:\/\/schema.org","@graph":[{"@type":"WebPage","@id":"https:\/\/garu.eus\/es\/quienes-somos\/","url":"https:\/\/garu.eus\/es\/quienes-somos\/","name":"Qui\u00e9nes somos - Garu","isPartOf":{"@id":"https:\/\/garu.eus\/#website"},"primaryImageOfPage":{"@id":"https:\/\/garu.eus\/es\/quienes-somos\/#primaryimage"},"image":{"@id":"https:\/\/garu.eus\/es\/quienes-somos\/#primaryimage"},"thumbnailUrl":"https:\/\/garu.eus\/wp-content\/uploads\/2025\/11\/fontaneria-2.jpg","datePublished":"2026-03-09T11:22:40+00:00","dateModified":"2026-03-09T11:28:00+00:00","description":"Somos una empresa familiar del barrio del Antiguo, con una trayectoria larga y muy unida al barrio de toda la vida.","breadcrumb":{"@id":"https:\/\/garu.eus\/es\/quienes-somos\/#breadcrumb"},"inLanguage":"es","potentialAction":[{"@type":"ReadAction","target":["https:\/\/garu.eus\/es\/quienes-somos\/"]}]},{"@type":"ImageObject","inLanguage":"es","@id":"https:\/\/garu.eus\/es\/quienes-somos\/#primaryimage","url":"https:\/\/garu.eus\/wp-content\/uploads\/2025\/11\/fontaneria-2.jpg","contentUrl":"https:\/\/garu.eus\/wp-content\/uploads\/2025\/11\/fontaneria-2.jpg"},{"@type":"BreadcrumbList","@id":"https:\/\/garu.eus\/es\/quienes-somos\/#breadcrumb","itemListElement":[{"@type":"ListItem","position":1,"name":"Home","item":"https:\/\/garu.eus\/es\/"},{"@type":"ListItem","position":2,"name":"Qui\u00e9nes somos"}]},{"@type":"WebSite","@id":"https:\/\/garu.eus\/#website","url":"https:\/\/garu.eus\/","name":"Garu","description":"","publisher":{"@id":"https:\/\/garu.eus\/#organization"},"potentialAction":[{"@type":"SearchAction","target":{"@type":"EntryPoint","urlTemplate":"https:\/\/garu.eus\/?s={search_term_string}"},"query-input":{"@type":"PropertyValueSpecification","valueRequired":true,"valueName":"search_term_string"}}],"inLanguage":"es"},{"@type":"Organization","@id":"https:\/\/garu.eus\/#organization","name":"Garu","url":"https:\/\/garu.eus\/","logo":{"@type":"ImageObject","inLanguage":"es","@id":"https:\/\/garu.eus\/#\/schema\/logo\/image\/","url":"https:\/\/garu.eus\/wp-content\/uploads\/2026\/02\/garu-logotipoa.png","contentUrl":"https:\/\/garu.eus\/wp-content\/uploads\/2026\/02\/garu-logotipoa.png","width":1025,"height":678,"caption":"Garu"},"image":{"@id":"https:\/\/garu.eus\/#\/schema\/logo\/image\/"}}]}},"_links":{"self":[{"href":"https:\/\/garu.eus\/es\/wp-json\/wp\/v2\/pages\/258","targetHints":{"allow":["GET"]}}],"collection":[{"href":"https:\/\/garu.eus\/es\/wp-json\/wp\/v2\/pages"}],"about":[{"href":"https:\/\/garu.eus\/es\/wp-json\/wp\/v2\/types\/page"}],"author":[{"embeddable":true,"href":"https:\/\/garu.eus\/es\/wp-json\/wp\/v2\/users\/1"}],"replies":[{"embeddable":true,"href":"https:\/\/garu.eus\/es\/wp-json\/wp\/v2\/comments?post=258"}],"version-history":[{"count":7,"href":"https:\/\/garu.eus\/es\/wp-json\/wp\/v2\/pages\/258\/revisions"}],"predecessor-version":[{"id":268,"href":"https:\/\/garu.eus\/es\/wp-json\/wp\/v2\/pages\/258\/revisions\/268"}],"wp:attachment":[{"href":"https:\/\/garu.eus\/es\/wp-json\/wp\/v2\/media?parent=258"}],"curies":[{"name":"wp","href":"https:\/\/api.w.org\/{rel}","templated":true}]}}