{"id":219,"date":"2026-02-06T15:29:37","date_gmt":"2026-02-06T14:29:37","guid":{"rendered":"https:\/\/garu.eus\/?page_id=219"},"modified":"2026-03-09T14:04:20","modified_gmt":"2026-03-09T13:04:20","slug":"declaracion-de-accesibilidad","status":"publish","type":"page","link":"https:\/\/garu.eus\/es\/declaracion-de-accesibilidad\/","title":{"rendered":"Declaraci\u00f3n de Accesibilidad"},"content":{"rendered":"\n<p><strong><strong>Gorka Ruiz de Eguilaz <strong>Hernandez<\/strong><\/strong><\/strong> se ha comprometido a hacer accesible su sitio web de conformidad con el criterio de accesibilidad del Programa Kit Digital, conforme a los anexos de la norma UNE-EN 301 549:2022.<\/p>\n\n\n\n<p>La presente declaraci\u00f3n de accesibilidad se aplica al sitio web, excluyendo los contenidos incrustados provenientes de otros dominios.<\/p>\n\n\n\n<h2 class=\"wp-block-heading\">Situaci\u00f3n de cumplimiento<\/h2>\n\n\n\n<p>Este sitio web es <strong>Parcialmente Conforme<\/strong> con el RD 1112\/2018 debido a la falta de conformidad de los aspectos que se indican a continuaci\u00f3n.<\/p>\n\n\n\n<h2 class=\"wp-block-heading\">Contenido no accesible<\/h2>\n\n\n\n<p>El contenido que se recoge a continuaci\u00f3n no es accesible por los siguientes motivos:<\/p>\n\n\n\n<ul class=\"wp-block-list\">\n<li>Falta de conformidad:\n<ul class=\"wp-block-list\">\n<li>Algunas de las p\u00e1ginas no tienen definido su t\u00edtulo correctamente \u2013 Requisito n\u00famero 9.2.4.2 Titulado de p\u00e1ginas de UNE-EN 301549:2022<\/li>\n\n\n\n<li>Pueden existir algunas im\u00e1genes cuya alternativa no est\u00e9 implementada o no sea correcta \u2013 Requisito 9.1.1.1 Contenido no textual UNE-EN 301549:2022<\/li>\n\n\n\n<li>Pueden existir encabezados que no sean claros o breves, o que no deber\u00edan ser encabezados \u2013 Requisito n\u00famero 9.2.4.6 Encabezados y etiquetas de UNE-EN 301549:2022<\/li>\n\n\n\n<li>Puede haber campos de formulario donde su etiqueta no sea correcta o no exista \u2013 Requisito n\u00famero 9.2.5.3 Inclusi\u00f3n de la etiqueta en el nombre de UNE-EN 301549:2022 y requisito 9.3.3.2 Etiquetas o instrucciones de UNE-EN 301549:2022<\/li>\n\n\n\n<li>Podr\u00edan existir fallos puntuales de edici\u00f3n en alguna p\u00e1gina web.<\/li>\n<\/ul>\n<\/li>\n\n\n\n<li>Carga desproporcionada: No resulta aplicable.<\/li>\n\n\n\n<li>El contenido no entra dentro del \u00e1mbito de la legislaci\u00f3n aplicable.<\/li>\n<\/ul>\n\n\n\n<p>Podr\u00edan existir archivos ofim\u00e1ticos en PDF u otros formatos que no cumplan en su totalidad todos los requisitos de accesibilidad.<\/p>\n\n\n\n<p>Puede haber contenidos de terceros que no est\u00e9n desarrollados en esta Unidad, ni bajo su control, como archivos ofim\u00e1ticos de diferentes organismos que deban publicarse en este sitio.<\/p>\n\n\n\n<h2 class=\"wp-block-heading\">Preparaci\u00f3n de la Declaraci\u00f3n de Accesibilidad<\/h2>\n\n\n\n<p>La presente declaraci\u00f3n fue preparada el 6 de febrero de 2026.<\/p>\n\n\n\n<p>El m\u00e9todo empleado para la presente declaraci\u00f3n ha sido una autoevaluaci\u00f3n realizada por la propia empresa de creaci\u00f3n web.<\/p>\n\n\n\n<p>\u00daltima revisi\u00f3n de la declaraci\u00f3n: 9 de marzo de 2026.<\/p>\n\n\n\n<h2 class=\"wp-block-heading\">Observaciones y datos de contacto<\/h2>\n\n\n\n<p>Puede realizar comunicaciones sobre requisitos de accesibilidad [art\u00edculo 10.2.a del RD 1112\/2018] como, por ejemplo:<\/p>\n\n\n\n<ul class=\"wp-block-list\">\n<li>Informar sobre cualquier posible incumplimiento por parte de este sitio web.<\/li>\n\n\n\n<li>Transmitir otras dificultades de acceso al contenido.<\/li>\n\n\n\n<li>Formular cualquier otra consulta o sugerencia de mejora relativa a la accesibilidad del sitio web a trav\u00e9s de los datos de contacto indicados en la p\u00e1gina de aviso legal del sitio web.<\/li>\n<\/ul>\n\n\n\n<p>Puede presentar:<\/p>\n\n\n\n<ul class=\"wp-block-list\">\n<li>Una queja relativa al cumplimiento de los requisitos del RD 1112\/2018<\/li>\n\n\n\n<li>Una solicitud de informaci\u00f3n accesible relativa a: garufont@gmail.com<\/li>\n\n\n\n<li>Contenidos que est\u00e1n excluidos del \u00e1mbito de aplicaci\u00f3n del RD 1112\/2018 seg\u00fan lo establecido por el art\u00edculo 3, apartado 4.<\/li>\n\n\n\n<li>Contenidos que est\u00e1n exentos del cumplimiento de los requisitos de accesibilidad por imponer una carga desproporcionada.<\/li>\n<\/ul>\n\n\n\n<p>En la solicitud de informaci\u00f3n accesible, se debe concretar, con toda claridad, los hechos, razones y petici\u00f3n que permitan constatar que se trata de una solicitud razonable y leg\u00edtima.<\/p>\n","protected":false},"excerpt":{"rendered":"<p>Gorka Ruiz de Eguilaz Hernandez se ha comprometido a hacer accesible su sitio web de conformidad con el criterio de [&hellip;]<\/p>\n","protected":false},"author":1,"featured_media":0,"parent":0,"menu_order":0,"comment_status":"closed","ping_status":"closed","template":"","meta":{"site-sidebar-layout":"default","site-content-layout":"","ast-site-content-layout":"default","site-content-style":"default","site-sidebar-style":"default","ast-global-header-display":"","ast-banner-title-visibility":"","ast-main-header-display":"","ast-hfb-above-header-display":"","ast-hfb-below-header-display":"","ast-hfb-mobile-header-display":"","site-post-title":"","ast-breadcrumbs-content":"","ast-featured-img":"","footer-sml-layout":"","theme-transparent-header-meta":"","adv-header-id-meta":"","stick-header-meta":"","header-above-stick-meta":"","header-main-stick-meta":"","header-below-stick-meta":"","astra-migrate-meta-layouts":"default","ast-page-background-enabled":"default","ast-page-background-meta":{"desktop":{"background-color":"var(--ast-global-color-5)","background-image":"","background-repeat":"repeat","background-position":"center center","background-size":"auto","background-attachment":"scroll","background-type":"","background-media":"","overlay-type":"","overlay-color":"","overlay-opacity":"","overlay-gradient":""},"tablet":{"background-color":"","background-image":"","background-repeat":"repeat","background-position":"center center","background-size":"auto","background-attachment":"scroll","background-type":"","background-media":"","overlay-type":"","overlay-color":"","overlay-opacity":"","overlay-gradient":""},"mobile":{"background-color":"","background-image":"","background-repeat":"repeat","background-position":"center center","background-size":"auto","background-attachment":"scroll","background-type":"","background-media":"","overlay-type":"","overlay-color":"","overlay-opacity":"","overlay-gradient":""}},"ast-content-background-meta":{"desktop":{"background-color":"var(--ast-global-color-4)","background-image":"","background-repeat":"repeat","background-position":"center center","background-size":"auto","background-attachment":"scroll","background-type":"","background-media":"","overlay-type":"","overlay-color":"","overlay-opacity":"","overlay-gradient":""},"tablet":{"background-color":"var(--ast-global-color-4)","background-image":"","background-repeat":"repeat","background-position":"center center","background-size":"auto","background-attachment":"scroll","background-type":"","background-media":"","overlay-type":"","overlay-color":"","overlay-opacity":"","overlay-gradient":""},"mobile":{"background-color":"var(--ast-global-color-4)","background-image":"","background-repeat":"repeat","background-position":"center center","background-size":"auto","background-attachment":"scroll","background-type":"","background-media":"","overlay-type":"","overlay-color":"","overlay-opacity":"","overlay-gradient":""}},"footnotes":""},"class_list":["post-219","page","type-page","status-publish","hentry"],"yoast_head":"<!-- This site is optimized with the Yoast SEO plugin v26.4 - https:\/\/yoast.com\/wordpress\/plugins\/seo\/ -->\n<title>Declaraci\u00f3n de Accesibilidad - Garu<\/title>\n<meta name=\"robots\" content=\"index, follow, max-snippet:-1, max-image-preview:large, max-video-preview:-1\" \/>\n<link rel=\"canonical\" href=\"https:\/\/garu.eus\/es\/declaracion-de-accesibilidad\/\" \/>\n<meta property=\"og:locale\" content=\"es_ES\" \/>\n<meta property=\"og:type\" content=\"article\" \/>\n<meta property=\"og:title\" content=\"Declaraci\u00f3n de Accesibilidad - Garu\" \/>\n<meta property=\"og:description\" content=\"Gorka Ruiz de Eguilaz Hernandez se ha comprometido a hacer accesible su sitio web de conformidad con el criterio de [&hellip;]\" \/>\n<meta property=\"og:url\" content=\"https:\/\/garu.eus\/es\/declaracion-de-accesibilidad\/\" \/>\n<meta property=\"og:site_name\" content=\"Garu\" \/>\n<meta property=\"article:modified_time\" content=\"2026-03-09T13:04:20+00:00\" \/>\n<meta name=\"twitter:card\" content=\"summary_large_image\" \/>\n<meta name=\"twitter:label1\" content=\"Tiempo de lectura\" \/>\n\t<meta name=\"twitter:data1\" content=\"3 minutos\" \/>\n<script type=\"application\/ld+json\" class=\"yoast-schema-graph\">{\"@context\":\"https:\/\/schema.org\",\"@graph\":[{\"@type\":\"WebPage\",\"@id\":\"https:\/\/garu.eus\/es\/declaracion-de-accesibilidad\/\",\"url\":\"https:\/\/garu.eus\/es\/declaracion-de-accesibilidad\/\",\"name\":\"Declaraci\u00f3n de Accesibilidad - Garu\",\"isPartOf\":{\"@id\":\"https:\/\/garu.eus\/#website\"},\"datePublished\":\"2026-02-06T14:29:37+00:00\",\"dateModified\":\"2026-03-09T13:04:20+00:00\",\"breadcrumb\":{\"@id\":\"https:\/\/garu.eus\/es\/declaracion-de-accesibilidad\/#breadcrumb\"},\"inLanguage\":\"es\",\"potentialAction\":[{\"@type\":\"ReadAction\",\"target\":[\"https:\/\/garu.eus\/es\/declaracion-de-accesibilidad\/\"]}]},{\"@type\":\"BreadcrumbList\",\"@id\":\"https:\/\/garu.eus\/es\/declaracion-de-accesibilidad\/#breadcrumb\",\"itemListElement\":[{\"@type\":\"ListItem\",\"position\":1,\"name\":\"Home\",\"item\":\"https:\/\/garu.eus\/es\/\"},{\"@type\":\"ListItem\",\"position\":2,\"name\":\"Declaraci\u00f3n de Accesibilidad\"}]},{\"@type\":\"WebSite\",\"@id\":\"https:\/\/garu.eus\/#website\",\"url\":\"https:\/\/garu.eus\/\",\"name\":\"Garu\",\"description\":\"\",\"publisher\":{\"@id\":\"https:\/\/garu.eus\/#organization\"},\"potentialAction\":[{\"@type\":\"SearchAction\",\"target\":{\"@type\":\"EntryPoint\",\"urlTemplate\":\"https:\/\/garu.eus\/?s={search_term_string}\"},\"query-input\":{\"@type\":\"PropertyValueSpecification\",\"valueRequired\":true,\"valueName\":\"search_term_string\"}}],\"inLanguage\":\"es\"},{\"@type\":\"Organization\",\"@id\":\"https:\/\/garu.eus\/#organization\",\"name\":\"Garu\",\"url\":\"https:\/\/garu.eus\/\",\"logo\":{\"@type\":\"ImageObject\",\"inLanguage\":\"es\",\"@id\":\"https:\/\/garu.eus\/#\/schema\/logo\/image\/\",\"url\":\"https:\/\/garu.eus\/wp-content\/uploads\/2026\/02\/garu-logotipoa.png\",\"contentUrl\":\"https:\/\/garu.eus\/wp-content\/uploads\/2026\/02\/garu-logotipoa.png\",\"width\":1025,\"height\":678,\"caption\":\"Garu\"},\"image\":{\"@id\":\"https:\/\/garu.eus\/#\/schema\/logo\/image\/\"}}]}<\/script>\n<!-- \/ Yoast SEO plugin. -->","yoast_head_json":{"title":"Declaraci\u00f3n de Accesibilidad - Garu","robots":{"index":"index","follow":"follow","max-snippet":"max-snippet:-1","max-image-preview":"max-image-preview:large","max-video-preview":"max-video-preview:-1"},"canonical":"https:\/\/garu.eus\/es\/declaracion-de-accesibilidad\/","og_locale":"es_ES","og_type":"article","og_title":"Declaraci\u00f3n de Accesibilidad - Garu","og_description":"Gorka Ruiz de Eguilaz Hernandez se ha comprometido a hacer accesible su sitio web de conformidad con el criterio de [&hellip;]","og_url":"https:\/\/garu.eus\/es\/declaracion-de-accesibilidad\/","og_site_name":"Garu","article_modified_time":"2026-03-09T13:04:20+00:00","twitter_card":"summary_large_image","twitter_misc":{"Tiempo de lectura":"3 minutos"},"schema":{"@context":"https:\/\/schema.org","@graph":[{"@type":"WebPage","@id":"https:\/\/garu.eus\/es\/declaracion-de-accesibilidad\/","url":"https:\/\/garu.eus\/es\/declaracion-de-accesibilidad\/","name":"Declaraci\u00f3n de Accesibilidad - Garu","isPartOf":{"@id":"https:\/\/garu.eus\/#website"},"datePublished":"2026-02-06T14:29:37+00:00","dateModified":"2026-03-09T13:04:20+00:00","breadcrumb":{"@id":"https:\/\/garu.eus\/es\/declaracion-de-accesibilidad\/#breadcrumb"},"inLanguage":"es","potentialAction":[{"@type":"ReadAction","target":["https:\/\/garu.eus\/es\/declaracion-de-accesibilidad\/"]}]},{"@type":"BreadcrumbList","@id":"https:\/\/garu.eus\/es\/declaracion-de-accesibilidad\/#breadcrumb","itemListElement":[{"@type":"ListItem","position":1,"name":"Home","item":"https:\/\/garu.eus\/es\/"},{"@type":"ListItem","position":2,"name":"Declaraci\u00f3n de Accesibilidad"}]},{"@type":"WebSite","@id":"https:\/\/garu.eus\/#website","url":"https:\/\/garu.eus\/","name":"Garu","description":"","publisher":{"@id":"https:\/\/garu.eus\/#organization"},"potentialAction":[{"@type":"SearchAction","target":{"@type":"EntryPoint","urlTemplate":"https:\/\/garu.eus\/?s={search_term_string}"},"query-input":{"@type":"PropertyValueSpecification","valueRequired":true,"valueName":"search_term_string"}}],"inLanguage":"es"},{"@type":"Organization","@id":"https:\/\/garu.eus\/#organization","name":"Garu","url":"https:\/\/garu.eus\/","logo":{"@type":"ImageObject","inLanguage":"es","@id":"https:\/\/garu.eus\/#\/schema\/logo\/image\/","url":"https:\/\/garu.eus\/wp-content\/uploads\/2026\/02\/garu-logotipoa.png","contentUrl":"https:\/\/garu.eus\/wp-content\/uploads\/2026\/02\/garu-logotipoa.png","width":1025,"height":678,"caption":"Garu"},"image":{"@id":"https:\/\/garu.eus\/#\/schema\/logo\/image\/"}}]}},"_links":{"self":[{"href":"https:\/\/garu.eus\/es\/wp-json\/wp\/v2\/pages\/219","targetHints":{"allow":["GET"]}}],"collection":[{"href":"https:\/\/garu.eus\/es\/wp-json\/wp\/v2\/pages"}],"about":[{"href":"https:\/\/garu.eus\/es\/wp-json\/wp\/v2\/types\/page"}],"author":[{"embeddable":true,"href":"https:\/\/garu.eus\/es\/wp-json\/wp\/v2\/users\/1"}],"replies":[{"embeddable":true,"href":"https:\/\/garu.eus\/es\/wp-json\/wp\/v2\/comments?post=219"}],"version-history":[{"count":2,"href":"https:\/\/garu.eus\/es\/wp-json\/wp\/v2\/pages\/219\/revisions"}],"predecessor-version":[{"id":314,"href":"https:\/\/garu.eus\/es\/wp-json\/wp\/v2\/pages\/219\/revisions\/314"}],"wp:attachment":[{"href":"https:\/\/garu.eus\/es\/wp-json\/wp\/v2\/media?parent=219"}],"curies":[{"name":"wp","href":"https:\/\/api.w.org\/{rel}","templated":true}]}}