{"id":116,"date":"2025-11-20T12:38:57","date_gmt":"2025-11-20T11:38:57","guid":{"rendered":"https:\/\/garu.eus\/inicio\/"},"modified":"2026-03-09T13:49:39","modified_gmt":"2026-03-09T12:49:39","slug":"fontaneria","status":"publish","type":"page","link":"https:\/\/garu.eus\/es\/","title":{"rendered":"Inicio"},"content":{"rendered":"\t\t<div data-elementor-type=\"wp-page\" data-elementor-id=\"116\" class=\"elementor elementor-116 elementor-15\" data-elementor-post-type=\"page\">\n\t\t\t\t<div class=\"elementor-element elementor-element-7849ea1 e-flex e-con-boxed e-con e-parent\" data-id=\"7849ea1\" data-element_type=\"container\" data-settings=\"{&quot;background_background&quot;:&quot;slideshow&quot;,&quot;background_slideshow_gallery&quot;:[{&quot;id&quot;:112,&quot;url&quot;:&quot;https:\\\/\\\/garu.eus\\\/wp-content\\\/uploads\\\/2025\\\/11\\\/instalacionde-tuberias.jpg&quot;},{&quot;id&quot;:113,&quot;url&quot;:&quot;https:\\\/\\\/garu.eus\\\/wp-content\\\/uploads\\\/2025\\\/11\\\/gas-instalazioa.jpg&quot;},{&quot;id&quot;:251,&quot;url&quot;:&quot;https:\\\/\\\/garu.eus\\\/wp-content\\\/uploads\\\/2026\\\/02\\\/aire-egokitua.jpg&quot;}],&quot;background_slideshow_transition_duration&quot;:2000,&quot;background_slideshow_loop&quot;:&quot;yes&quot;,&quot;background_slideshow_slide_duration&quot;:5000,&quot;background_slideshow_slide_transition&quot;:&quot;fade&quot;}\">\n\t\t\t\t\t<div class=\"e-con-inner\">\n\t\t<div class=\"elementor-element elementor-element-6e98816 e-con-full e-flex e-con e-child\" data-id=\"6e98816\" data-element_type=\"container\">\n\t\t<div class=\"elementor-element elementor-element-a5932bd e-con-full e-flex e-con e-child\" data-id=\"a5932bd\" data-element_type=\"container\" data-settings=\"{&quot;background_background&quot;:&quot;classic&quot;}\">\n\t\t\t\t<div class=\"elementor-element elementor-element-16e93be elementor-widget elementor-widget-heading\" data-id=\"16e93be\" data-element_type=\"widget\" data-widget_type=\"heading.default\">\n\t\t\t\t\t\t\t<h1 class=\"elementor-heading-title elementor-size-default\">Servicios de fontaner\u00eda, calefacci\u00f3n y climatizaci\u00f3n en Donostia y en toda Gipuzkoa.<\/h1>\t\t\t\t<\/div>\n\t\t\t\t<div class=\"elementor-element elementor-element-1faf491 elementor-widget elementor-widget-text-editor\" data-id=\"1faf491\" data-element_type=\"widget\" data-widget_type=\"text-editor.default\">\n\t\t\t\t\t\t\t\t\t\t\t<p>M\u00e1s de 70 a\u00f1os ofreciendo confianza y buen servicio.<\/p>\t\t\t\t\t\t\t\t<\/div>\n\t\t\t\t<\/div>\n\t\t\t\t<\/div>\n\t\t\t\t\t<\/div>\n\t\t\t\t<\/div>\n\t\t<div class=\"elementor-element elementor-element-642d7a6 e-flex e-con-boxed e-con e-parent\" data-id=\"642d7a6\" data-element_type=\"container\" id=\"quienes-somos\">\n\t\t\t\t\t<div class=\"e-con-inner\">\n\t\t<div class=\"elementor-element elementor-element-5c042e0 e-con-full e-flex e-con e-child\" data-id=\"5c042e0\" data-element_type=\"container\">\n\t\t\t\t<div class=\"elementor-element elementor-element-0949695 elementor-widget elementor-widget-heading\" data-id=\"0949695\" data-element_type=\"widget\" data-widget_type=\"heading.default\">\n\t\t\t\t\t\t\t<h2 class=\"elementor-heading-title elementor-size-default\">Qui\u00e9nes somos<\/h2>\t\t\t\t<\/div>\n\t\t\t\t<div class=\"elementor-element elementor-element-bf7ea7d elementor-widget elementor-widget-text-editor\" data-id=\"bf7ea7d\" data-element_type=\"widget\" data-widget_type=\"text-editor.default\">\n\t\t\t\t\t\t\t\t\t\t\t<p data-start=\"241\" data-end=\"519\">Somos una empresa familiar del barrio del Antiguo, con una trayectoria larga y muy unida al barrio de toda la vida. Llevamos tres generaciones dedic\u00e1ndonos a este oficio, desde que en 1950 comenzamos ofreciendo servicios de fontaner\u00eda, calefacci\u00f3n y gas, siempre con un trato cercano y aut\u00e9ntico.<\/p>\t\t\t\t\t\t\t\t<\/div>\n\t\t\t\t<div class=\"elementor-element elementor-element-80121f3 elementor-widget elementor-widget-button\" data-id=\"80121f3\" data-element_type=\"widget\" data-widget_type=\"button.default\">\n\t\t\t\t\t\t\t\t\t\t\t\t<a class=\"elementor-button elementor-button-link elementor-size-sm\" href=\"https:\/\/garu.eus\/es\/quienes-somos\/\">\n\t\t\t\t\t\t<span class=\"elementor-button-content-wrapper\">\n\t\t\t\t\t\t\t\t\t<span class=\"elementor-button-text\">Saber m\u00e1s sobre nosotros<\/span>\n\t\t\t\t\t<\/span>\n\t\t\t\t\t<\/a>\n\t\t\t\t\t\t\t\t<\/div>\n\t\t\t\t<\/div>\n\t\t<div class=\"elementor-element elementor-element-cfc12d5 e-con-full elementor-hidden-mobile e-flex e-con e-child\" data-id=\"cfc12d5\" data-element_type=\"container\">\n\t\t\t\t<div class=\"elementor-element elementor-element-231c498 elementor-widget elementor-widget-image\" data-id=\"231c498\" data-element_type=\"widget\" data-widget_type=\"image.default\">\n\t\t\t\t\t\t\t\t\t\t\t\t\t\t\t\t\t<img fetchpriority=\"high\" decoding=\"async\" width=\"1024\" height=\"683\" src=\"https:\/\/garu.eus\/wp-content\/uploads\/2025\/11\/fontaneria-2.jpg\" class=\"attachment-large size-large wp-image-114\" alt=\"\" srcset=\"https:\/\/garu.eus\/wp-content\/uploads\/2025\/11\/fontaneria-2.jpg 1024w, https:\/\/garu.eus\/wp-content\/uploads\/2025\/11\/fontaneria-2-800x534.jpg 800w, https:\/\/garu.eus\/wp-content\/uploads\/2025\/11\/fontaneria-2-768x512.jpg 768w\" sizes=\"(max-width: 1024px) 100vw, 1024px\" \/>\t\t\t\t\t\t\t\t\t\t\t\t\t\t\t<\/div>\n\t\t\t\t<\/div>\n\t\t\t\t\t<\/div>\n\t\t\t\t<\/div>\n\t\t<div class=\"elementor-element elementor-element-d7f514f e-flex e-con-boxed e-con e-parent\" data-id=\"d7f514f\" data-element_type=\"container\" id=\"que-hacemos\" data-settings=\"{&quot;background_background&quot;:&quot;classic&quot;}\">\n\t\t\t\t\t<div class=\"e-con-inner\">\n\t\t\t\t<div class=\"elementor-element elementor-element-f6c2a7a elementor-widget elementor-widget-heading\" data-id=\"f6c2a7a\" data-element_type=\"widget\" data-widget_type=\"heading.default\">\n\t\t\t\t\t\t\t<h2 class=\"elementor-heading-title elementor-size-default\">Servicios<\/h2>\t\t\t\t<\/div>\n\t\t\t\t<div class=\"elementor-element elementor-element-71c1d3a elementor-widget elementor-widget-text-editor\" data-id=\"71c1d3a\" data-element_type=\"widget\" data-widget_type=\"text-editor.default\">\n\t\t\t\t\t\t\t\t\t\t\t<p>Nos encargamos de todo tipo de trabajos de <strong>fontaner\u00eda<\/strong>, <strong>calefacci\u00f3n<\/strong>, <strong>climatizaci\u00f3n<\/strong> y <strong>ventilaci\u00f3n<\/strong>, tanto en viviendas particulares como en locales y comunidades. Nuestro objetivo es claro: ofrecer un servicio completo, fiable y adaptado a cada cliente.<\/p><p>Trabajamos siempre con materiales de primera calidad y buscamos la soluci\u00f3n m\u00e1s adecuada para cada cliente, uniendo experiencia, eficiencia y un trato cercano.<\/p>\t\t\t\t\t\t\t\t<\/div>\n\t\t\t\t<div class=\"elementor-element elementor-element-5fb3070 elementor-widget elementor-widget-button\" data-id=\"5fb3070\" data-element_type=\"widget\" data-widget_type=\"button.default\">\n\t\t\t\t\t\t\t\t\t\t\t\t<a class=\"elementor-button elementor-button-link elementor-size-sm\" href=\"https:\/\/garu.eus\/es\/servicios\/\">\n\t\t\t\t\t\t<span class=\"elementor-button-content-wrapper\">\n\t\t\t\t\t\t\t\t\t<span class=\"elementor-button-text\">M\u00e1s informaci\u00f3n sobre los Servicios<\/span>\n\t\t\t\t\t<\/span>\n\t\t\t\t\t<\/a>\n\t\t\t\t\t\t\t\t<\/div>\n\t\t\t\t\t<\/div>\n\t\t\t\t<\/div>\n\t\t<div class=\"elementor-element elementor-element-a851773 e-flex e-con-boxed e-con e-parent\" data-id=\"a851773\" data-element_type=\"container\" id=\"contacto\">\n\t\t\t\t\t<div class=\"e-con-inner\">\n\t\t<div class=\"elementor-element elementor-element-a8d2f8d e-con-full e-flex e-con e-child\" data-id=\"a8d2f8d\" data-element_type=\"container\">\n\t\t\t\t<div class=\"elementor-element elementor-element-e360969 elementor-widget elementor-widget-heading\" data-id=\"e360969\" data-element_type=\"widget\" data-widget_type=\"heading.default\">\n\t\t\t\t\t\t\t<h2 class=\"elementor-heading-title elementor-size-default\">Contacto<\/h2>\t\t\t\t<\/div>\n\t\t\t\t<div class=\"elementor-element elementor-element-b6b2cdf elementor-icon-list--layout-traditional elementor-list-item-link-full_width elementor-widget elementor-widget-icon-list\" data-id=\"b6b2cdf\" data-element_type=\"widget\" data-widget_type=\"icon-list.default\">\n\t\t\t\t\t\t\t\t\t<ul class=\"elementor-icon-list-items\">\n\t\t\t\t\t\t\t<li class=\"elementor-icon-list-item\">\n\t\t\t\t\t\t\t\t\t\t\t<span class=\"elementor-icon-list-icon\">\n\t\t\t\t\t\t\t<svg aria-hidden=\"true\" class=\"e-font-icon-svg e-fas-map-marker-alt\" viewBox=\"0 0 384 512\" xmlns=\"http:\/\/www.w3.org\/2000\/svg\"><path d=\"M172.268 501.67C26.97 291.031 0 269.413 0 192 0 85.961 85.961 0 192 0s192 85.961 192 192c0 77.413-26.97 99.031-172.268 309.67-9.535 13.774-29.93 13.773-39.464 0zM192 272c44.183 0 80-35.817 80-80s-35.817-80-80-80-80 35.817-80 80 35.817 80 80 80z\"><\/path><\/svg>\t\t\t\t\t\t<\/span>\n\t\t\t\t\t\t\t\t\t\t<span class=\"elementor-icon-list-text\">Arantzazuko Andre Mariaren Auzunea 47 <br>20008 Donostia (Gipuzkoa)<\/span>\n\t\t\t\t\t\t\t\t\t<\/li>\n\t\t\t\t\t\t\t\t<li class=\"elementor-icon-list-item\">\n\t\t\t\t\t\t\t\t\t\t\t<span class=\"elementor-icon-list-icon\">\n\t\t\t\t\t\t\t<svg aria-hidden=\"true\" class=\"e-font-icon-svg e-fas-phone-alt\" viewBox=\"0 0 512 512\" xmlns=\"http:\/\/www.w3.org\/2000\/svg\"><path d=\"M497.39 361.8l-112-48a24 24 0 0 0-28 6.9l-49.6 60.6A370.66 370.66 0 0 1 130.6 204.11l60.6-49.6a23.94 23.94 0 0 0 6.9-28l-48-112A24.16 24.16 0 0 0 122.6.61l-104 24A24 24 0 0 0 0 48c0 256.5 207.9 464 464 464a24 24 0 0 0 23.4-18.6l24-104a24.29 24.29 0 0 0-14.01-27.6z\"><\/path><\/svg>\t\t\t\t\t\t<\/span>\n\t\t\t\t\t\t\t\t\t\t<span class=\"elementor-icon-list-text\">943 216 108<\/span>\n\t\t\t\t\t\t\t\t\t<\/li>\n\t\t\t\t\t\t\t\t<li class=\"elementor-icon-list-item\">\n\t\t\t\t\t\t\t\t\t\t\t<span class=\"elementor-icon-list-icon\">\n\t\t\t\t\t\t\t<svg aria-hidden=\"true\" class=\"e-font-icon-svg e-fas-mobile-alt\" viewBox=\"0 0 320 512\" xmlns=\"http:\/\/www.w3.org\/2000\/svg\"><path d=\"M272 0H48C21.5 0 0 21.5 0 48v416c0 26.5 21.5 48 48 48h224c26.5 0 48-21.5 48-48V48c0-26.5-21.5-48-48-48zM160 480c-17.7 0-32-14.3-32-32s14.3-32 32-32 32 14.3 32 32-14.3 32-32 32zm112-108c0 6.6-5.4 12-12 12H60c-6.6 0-12-5.4-12-12V60c0-6.6 5.4-12 12-12h200c6.6 0 12 5.4 12 12v312z\"><\/path><\/svg>\t\t\t\t\t\t<\/span>\n\t\t\t\t\t\t\t\t\t\t<span class=\"elementor-icon-list-text\">605 736 085<\/span>\n\t\t\t\t\t\t\t\t\t<\/li>\n\t\t\t\t\t\t\t\t<li class=\"elementor-icon-list-item\">\n\t\t\t\t\t\t\t\t\t\t\t<span class=\"elementor-icon-list-icon\">\n\t\t\t\t\t\t\t<svg aria-hidden=\"true\" class=\"e-font-icon-svg e-far-envelope\" viewBox=\"0 0 512 512\" xmlns=\"http:\/\/www.w3.org\/2000\/svg\"><path d=\"M464 64H48C21.49 64 0 85.49 0 112v288c0 26.51 21.49 48 48 48h416c26.51 0 48-21.49 48-48V112c0-26.51-21.49-48-48-48zm0 48v40.805c-22.422 18.259-58.168 46.651-134.587 106.49-16.841 13.247-50.201 45.072-73.413 44.701-23.208.375-56.579-31.459-73.413-44.701C106.18 199.465 70.425 171.067 48 152.805V112h416zM48 400V214.398c22.914 18.251 55.409 43.862 104.938 82.646 21.857 17.205 60.134 55.186 103.062 54.955 42.717.231 80.509-37.199 103.053-54.947 49.528-38.783 82.032-64.401 104.947-82.653V400H48z\"><\/path><\/svg>\t\t\t\t\t\t<\/span>\n\t\t\t\t\t\t\t\t\t\t<span class=\"elementor-icon-list-text\">garufont@gmail.com<\/span>\n\t\t\t\t\t\t\t\t\t<\/li>\n\t\t\t\t\t\t<\/ul>\n\t\t\t\t\t\t<\/div>\n\t\t\t\t<\/div>\n\t\t<div class=\"elementor-element elementor-element-d56d1db e-con-full e-flex e-con e-child\" data-id=\"d56d1db\" data-element_type=\"container\">\n\t\t\t\t<div class=\"elementor-element elementor-element-53976df elementor-widget elementor-widget-image\" data-id=\"53976df\" data-element_type=\"widget\" data-widget_type=\"image.default\">\n\t\t\t\t\t\t\t\t\t\t\t\t\t\t\t\t\t<img decoding=\"async\" width=\"1500\" height=\"1000\" src=\"https:\/\/garu.eus\/wp-content\/uploads\/2025\/11\/fontaneria-garu.jpg\" class=\"attachment-full size-full wp-image-115\" alt=\"\" srcset=\"https:\/\/garu.eus\/wp-content\/uploads\/2025\/11\/fontaneria-garu.jpg 1500w, https:\/\/garu.eus\/wp-content\/uploads\/2025\/11\/fontaneria-garu-800x533.jpg 800w, https:\/\/garu.eus\/wp-content\/uploads\/2025\/11\/fontaneria-garu-1200x800.jpg 1200w, https:\/\/garu.eus\/wp-content\/uploads\/2025\/11\/fontaneria-garu-768x512.jpg 768w\" sizes=\"(max-width: 1500px) 100vw, 1500px\" \/>\t\t\t\t\t\t\t\t\t\t\t\t\t\t\t<\/div>\n\t\t\t\t<\/div>\n\t\t\t\t\t<\/div>\n\t\t\t\t<\/div>\n\t\t\t\t<\/div>\n\t\t","protected":false},"excerpt":{"rendered":"<p>Servicios de fontaner\u00eda, calefacci\u00f3n y climatizaci\u00f3n en Donostia y en toda Gipuzkoa. M\u00e1s de 70 a\u00f1os ofreciendo confianza y buen [&hellip;]<\/p>\n","protected":false},"author":1,"featured_media":0,"parent":0,"menu_order":0,"comment_status":"closed","ping_status":"closed","template":"","meta":{"site-sidebar-layout":"no-sidebar","site-content-layout":"","ast-site-content-layout":"full-width-container","site-content-style":"default","site-sidebar-style":"default","ast-global-header-display":"","ast-banner-title-visibility":"","ast-main-header-display":"","ast-hfb-above-header-display":"","ast-hfb-below-header-display":"","ast-hfb-mobile-header-display":"","site-post-title":"disabled","ast-breadcrumbs-content":"","ast-featured-img":"disabled","footer-sml-layout":"","theme-transparent-header-meta":"","adv-header-id-meta":"","stick-header-meta":"","header-above-stick-meta":"","header-main-stick-meta":"","header-below-stick-meta":"","astra-migrate-meta-layouts":"default","ast-page-background-enabled":"default","ast-page-background-meta":{"desktop":{"background-color":"var(--ast-global-color-5)","background-image":"","background-repeat":"repeat","background-position":"center center","background-size":"auto","background-attachment":"scroll","background-type":"","background-media":"","overlay-type":"","overlay-color":"","overlay-opacity":"","overlay-gradient":""},"tablet":{"background-color":"","background-image":"","background-repeat":"repeat","background-position":"center center","background-size":"auto","background-attachment":"scroll","background-type":"","background-media":"","overlay-type":"","overlay-color":"","overlay-opacity":"","overlay-gradient":""},"mobile":{"background-color":"","background-image":"","background-repeat":"repeat","background-position":"center center","background-size":"auto","background-attachment":"scroll","background-type":"","background-media":"","overlay-type":"","overlay-color":"","overlay-opacity":"","overlay-gradient":""}},"ast-content-background-meta":{"desktop":{"background-color":"var(--ast-global-color-4)","background-image":"","background-repeat":"repeat","background-position":"center center","background-size":"auto","background-attachment":"scroll","background-type":"","background-media":"","overlay-type":"","overlay-color":"","overlay-opacity":"","overlay-gradient":""},"tablet":{"background-color":"var(--ast-global-color-4)","background-image":"","background-repeat":"repeat","background-position":"center center","background-size":"auto","background-attachment":"scroll","background-type":"","background-media":"","overlay-type":"","overlay-color":"","overlay-opacity":"","overlay-gradient":""},"mobile":{"background-color":"var(--ast-global-color-4)","background-image":"","background-repeat":"repeat","background-position":"center center","background-size":"auto","background-attachment":"scroll","background-type":"","background-media":"","overlay-type":"","overlay-color":"","overlay-opacity":"","overlay-gradient":""}},"footnotes":""},"class_list":["post-116","page","type-page","status-publish","hentry"],"yoast_head":"<!-- This site is optimized with the Yoast SEO plugin v26.4 - https:\/\/yoast.com\/wordpress\/plugins\/seo\/ -->\n<title>Garu - Fontaner\u00eda, calefacci\u00f3n y climatizaci\u00f3n en Donostia-San Sebasti\u00e1n<\/title>\n<meta name=\"description\" content=\"Servicios de fontaner\u00eda, calefacci\u00f3n y climatizaci\u00f3n en Donostia y en toda Gipuzkoa. Llevamos m\u00e1s de 70 a\u00f1os ofreciendo confianza y buen servicio.\" \/>\n<meta name=\"robots\" content=\"index, follow, max-snippet:-1, max-image-preview:large, max-video-preview:-1\" \/>\n<link rel=\"canonical\" href=\"https:\/\/garu.eus\/es\/\" \/>\n<meta property=\"og:locale\" content=\"es_ES\" \/>\n<meta property=\"og:type\" content=\"article\" \/>\n<meta property=\"og:title\" content=\"Garu - Fontaner\u00eda, calefacci\u00f3n y climatizaci\u00f3n en Donostia-San Sebasti\u00e1n\" \/>\n<meta property=\"og:description\" content=\"Servicios de fontaner\u00eda, calefacci\u00f3n y climatizaci\u00f3n en Donostia y en toda Gipuzkoa. Llevamos m\u00e1s de 70 a\u00f1os ofreciendo confianza y buen servicio.\" \/>\n<meta property=\"og:url\" content=\"https:\/\/garu.eus\/es\/\" \/>\n<meta property=\"og:site_name\" content=\"Garu\" \/>\n<meta property=\"article:modified_time\" content=\"2026-03-09T12:49:39+00:00\" \/>\n<meta property=\"og:image\" content=\"https:\/\/garu.eus\/wp-content\/uploads\/2025\/11\/fontaneria-2.jpg\" \/>\n\t<meta property=\"og:image:width\" content=\"1024\" \/>\n\t<meta property=\"og:image:height\" content=\"683\" \/>\n\t<meta property=\"og:image:type\" content=\"image\/jpeg\" \/>\n<meta name=\"twitter:card\" content=\"summary_large_image\" \/>\n<meta name=\"twitter:label1\" content=\"Tiempo de lectura\" \/>\n\t<meta name=\"twitter:data1\" content=\"1 minuto\" \/>\n<script type=\"application\/ld+json\" class=\"yoast-schema-graph\">{\"@context\":\"https:\/\/schema.org\",\"@graph\":[{\"@type\":\"WebPage\",\"@id\":\"https:\/\/garu.eus\/es\/\",\"url\":\"https:\/\/garu.eus\/es\/\",\"name\":\"Garu - Fontaner\u00eda, calefacci\u00f3n y climatizaci\u00f3n en Donostia-San Sebasti\u00e1n\",\"isPartOf\":{\"@id\":\"https:\/\/garu.eus\/#website\"},\"primaryImageOfPage\":{\"@id\":\"https:\/\/garu.eus\/es\/#primaryimage\"},\"image\":{\"@id\":\"https:\/\/garu.eus\/es\/#primaryimage\"},\"thumbnailUrl\":\"https:\/\/garu.eus\/wp-content\/uploads\/2025\/11\/fontaneria-2.jpg\",\"datePublished\":\"2025-11-20T11:38:57+00:00\",\"dateModified\":\"2026-03-09T12:49:39+00:00\",\"description\":\"Servicios de fontaner\u00eda, calefacci\u00f3n y climatizaci\u00f3n en Donostia y en toda Gipuzkoa. Llevamos m\u00e1s de 70 a\u00f1os ofreciendo confianza y buen servicio.\",\"breadcrumb\":{\"@id\":\"https:\/\/garu.eus\/es\/#breadcrumb\"},\"inLanguage\":\"es\",\"potentialAction\":[{\"@type\":\"ReadAction\",\"target\":[\"https:\/\/garu.eus\/es\/\"]}]},{\"@type\":\"ImageObject\",\"inLanguage\":\"es\",\"@id\":\"https:\/\/garu.eus\/es\/#primaryimage\",\"url\":\"https:\/\/garu.eus\/wp-content\/uploads\/2025\/11\/fontaneria-2.jpg\",\"contentUrl\":\"https:\/\/garu.eus\/wp-content\/uploads\/2025\/11\/fontaneria-2.jpg\"},{\"@type\":\"BreadcrumbList\",\"@id\":\"https:\/\/garu.eus\/es\/#breadcrumb\",\"itemListElement\":[{\"@type\":\"ListItem\",\"position\":1,\"name\":\"Home\",\"item\":\"https:\/\/garu.eus\/es\/\"},{\"@type\":\"ListItem\",\"position\":2,\"name\":\"Inicio\"}]},{\"@type\":\"WebSite\",\"@id\":\"https:\/\/garu.eus\/#website\",\"url\":\"https:\/\/garu.eus\/\",\"name\":\"Garu\",\"description\":\"\",\"publisher\":{\"@id\":\"https:\/\/garu.eus\/#organization\"},\"potentialAction\":[{\"@type\":\"SearchAction\",\"target\":{\"@type\":\"EntryPoint\",\"urlTemplate\":\"https:\/\/garu.eus\/?s={search_term_string}\"},\"query-input\":{\"@type\":\"PropertyValueSpecification\",\"valueRequired\":true,\"valueName\":\"search_term_string\"}}],\"inLanguage\":\"es\"},{\"@type\":\"Organization\",\"@id\":\"https:\/\/garu.eus\/#organization\",\"name\":\"Garu\",\"url\":\"https:\/\/garu.eus\/\",\"logo\":{\"@type\":\"ImageObject\",\"inLanguage\":\"es\",\"@id\":\"https:\/\/garu.eus\/#\/schema\/logo\/image\/\",\"url\":\"https:\/\/garu.eus\/wp-content\/uploads\/2026\/02\/garu-logotipoa.png\",\"contentUrl\":\"https:\/\/garu.eus\/wp-content\/uploads\/2026\/02\/garu-logotipoa.png\",\"width\":1025,\"height\":678,\"caption\":\"Garu\"},\"image\":{\"@id\":\"https:\/\/garu.eus\/#\/schema\/logo\/image\/\"}}]}<\/script>\n<!-- \/ Yoast SEO plugin. -->","yoast_head_json":{"title":"Garu - Fontaner\u00eda, calefacci\u00f3n y climatizaci\u00f3n en Donostia-San Sebasti\u00e1n","description":"Servicios de fontaner\u00eda, calefacci\u00f3n y climatizaci\u00f3n en Donostia y en toda Gipuzkoa. Llevamos m\u00e1s de 70 a\u00f1os ofreciendo confianza y buen servicio.","robots":{"index":"index","follow":"follow","max-snippet":"max-snippet:-1","max-image-preview":"max-image-preview:large","max-video-preview":"max-video-preview:-1"},"canonical":"https:\/\/garu.eus\/es\/","og_locale":"es_ES","og_type":"article","og_title":"Garu - Fontaner\u00eda, calefacci\u00f3n y climatizaci\u00f3n en Donostia-San Sebasti\u00e1n","og_description":"Servicios de fontaner\u00eda, calefacci\u00f3n y climatizaci\u00f3n en Donostia y en toda Gipuzkoa. Llevamos m\u00e1s de 70 a\u00f1os ofreciendo confianza y buen servicio.","og_url":"https:\/\/garu.eus\/es\/","og_site_name":"Garu","article_modified_time":"2026-03-09T12:49:39+00:00","og_image":[{"width":1024,"height":683,"url":"https:\/\/garu.eus\/wp-content\/uploads\/2025\/11\/fontaneria-2.jpg","type":"image\/jpeg"}],"twitter_card":"summary_large_image","twitter_misc":{"Tiempo de lectura":"1 minuto"},"schema":{"@context":"https:\/\/schema.org","@graph":[{"@type":"WebPage","@id":"https:\/\/garu.eus\/es\/","url":"https:\/\/garu.eus\/es\/","name":"Garu - Fontaner\u00eda, calefacci\u00f3n y climatizaci\u00f3n en Donostia-San Sebasti\u00e1n","isPartOf":{"@id":"https:\/\/garu.eus\/#website"},"primaryImageOfPage":{"@id":"https:\/\/garu.eus\/es\/#primaryimage"},"image":{"@id":"https:\/\/garu.eus\/es\/#primaryimage"},"thumbnailUrl":"https:\/\/garu.eus\/wp-content\/uploads\/2025\/11\/fontaneria-2.jpg","datePublished":"2025-11-20T11:38:57+00:00","dateModified":"2026-03-09T12:49:39+00:00","description":"Servicios de fontaner\u00eda, calefacci\u00f3n y climatizaci\u00f3n en Donostia y en toda Gipuzkoa. Llevamos m\u00e1s de 70 a\u00f1os ofreciendo confianza y buen servicio.","breadcrumb":{"@id":"https:\/\/garu.eus\/es\/#breadcrumb"},"inLanguage":"es","potentialAction":[{"@type":"ReadAction","target":["https:\/\/garu.eus\/es\/"]}]},{"@type":"ImageObject","inLanguage":"es","@id":"https:\/\/garu.eus\/es\/#primaryimage","url":"https:\/\/garu.eus\/wp-content\/uploads\/2025\/11\/fontaneria-2.jpg","contentUrl":"https:\/\/garu.eus\/wp-content\/uploads\/2025\/11\/fontaneria-2.jpg"},{"@type":"BreadcrumbList","@id":"https:\/\/garu.eus\/es\/#breadcrumb","itemListElement":[{"@type":"ListItem","position":1,"name":"Home","item":"https:\/\/garu.eus\/es\/"},{"@type":"ListItem","position":2,"name":"Inicio"}]},{"@type":"WebSite","@id":"https:\/\/garu.eus\/#website","url":"https:\/\/garu.eus\/","name":"Garu","description":"","publisher":{"@id":"https:\/\/garu.eus\/#organization"},"potentialAction":[{"@type":"SearchAction","target":{"@type":"EntryPoint","urlTemplate":"https:\/\/garu.eus\/?s={search_term_string}"},"query-input":{"@type":"PropertyValueSpecification","valueRequired":true,"valueName":"search_term_string"}}],"inLanguage":"es"},{"@type":"Organization","@id":"https:\/\/garu.eus\/#organization","name":"Garu","url":"https:\/\/garu.eus\/","logo":{"@type":"ImageObject","inLanguage":"es","@id":"https:\/\/garu.eus\/#\/schema\/logo\/image\/","url":"https:\/\/garu.eus\/wp-content\/uploads\/2026\/02\/garu-logotipoa.png","contentUrl":"https:\/\/garu.eus\/wp-content\/uploads\/2026\/02\/garu-logotipoa.png","width":1025,"height":678,"caption":"Garu"},"image":{"@id":"https:\/\/garu.eus\/#\/schema\/logo\/image\/"}}]}},"_links":{"self":[{"href":"https:\/\/garu.eus\/es\/wp-json\/wp\/v2\/pages\/116","targetHints":{"allow":["GET"]}}],"collection":[{"href":"https:\/\/garu.eus\/es\/wp-json\/wp\/v2\/pages"}],"about":[{"href":"https:\/\/garu.eus\/es\/wp-json\/wp\/v2\/types\/page"}],"author":[{"embeddable":true,"href":"https:\/\/garu.eus\/es\/wp-json\/wp\/v2\/users\/1"}],"replies":[{"embeddable":true,"href":"https:\/\/garu.eus\/es\/wp-json\/wp\/v2\/comments?post=116"}],"version-history":[{"count":64,"href":"https:\/\/garu.eus\/es\/wp-json\/wp\/v2\/pages\/116\/revisions"}],"predecessor-version":[{"id":310,"href":"https:\/\/garu.eus\/es\/wp-json\/wp\/v2\/pages\/116\/revisions\/310"}],"wp:attachment":[{"href":"https:\/\/garu.eus\/es\/wp-json\/wp\/v2\/media?parent=116"}],"curies":[{"name":"wp","href":"https:\/\/api.w.org\/{rel}","templated":true}]}}